{"id":1894,"date":"2019-07-09T05:18:43","date_gmt":"2019-07-09T05:18:43","guid":{"rendered":"http:\/\/www.jlthinktank.com\/?page_id=1894"},"modified":"2026-02-21T10:12:13","modified_gmt":"2026-02-21T13:12:13","slug":"acerca-de-mi","status":"publish","type":"page","link":"https:\/\/www.jlthinktank.com\/pt\/acerca-de-mi\/","title":{"rendered":"Acerca de Jorge"},"content":{"rendered":"\t\t<div data-elementor-type=\"wp-post\" data-elementor-id=\"1894\" class=\"elementor elementor-1894\">\n\t\t\t\t\t\t<section class=\"elementor-section elementor-top-section elementor-element elementor-element-c0f836f elementor-section-boxed elementor-section-height-default elementor-section-height-default\" data-id=\"c0f836f\" data-element_type=\"section\" data-e-type=\"section\">\n\t\t\t\t\t\t<div class=\"elementor-container elementor-column-gap-default\">\n\t\t\t\t\t<div class=\"elementor-column elementor-col-100 elementor-top-column elementor-element elementor-element-f63ce55\" data-id=\"f63ce55\" data-element_type=\"column\" data-e-type=\"column\">\n\t\t\t<div class=\"elementor-widget-wrap elementor-element-populated\">\n\t\t\t\t\t\t<div class=\"elementor-element elementor-element-7794aaa elementor-widget elementor-widget-shortcode\" data-id=\"7794aaa\" data-element_type=\"widget\" data-e-type=\"widget\" data-widget_type=\"shortcode.default\">\n\t\t\t\t<div class=\"elementor-widget-container\">\n\t\t\t\t\t\t\t<div class=\"elementor-shortcode\"><!-- Google Tag Manager -->\n<script>(function(w,d,s,l,i){w[l]=w[l]||[];w[l].push({'gtm.start':\nnew Date().getTime(),event:'gtm.js'});var f=d.getElementsByTagName(s)[0],\nj=d.createElement(s),dl=l!='dataLayer'?'&l='+l:'';j.async=true;j.src=\n'https:\/\/www.googletagmanager.com\/gtm.js?id='+i+dl;f.parentNode.insertBefore(j,f);\n})(window,document,'script','dataLayer','GTM-NMVJS5DD');<\/script>\n<!-- End Google Tag Manager --><\/div>\n\t\t\t\t\t\t<\/div>\n\t\t\t\t<\/div>\n\t\t\t\t\t<\/div>\n\t\t<\/div>\n\t\t\t\t\t<\/div>\n\t\t<\/section>\n\t\t\t\t<section class=\"elementor-section elementor-top-section elementor-element elementor-element-a8a6bd7 elementor-section-boxed elementor-section-height-default elementor-section-height-default\" data-id=\"a8a6bd7\" data-element_type=\"section\" data-e-type=\"section\">\n\t\t\t\t\t\t<div class=\"elementor-container elementor-column-gap-default\">\n\t\t\t\t\t<div class=\"elementor-column elementor-col-100 elementor-top-column elementor-element elementor-element-10f99c3\" data-id=\"10f99c3\" data-element_type=\"column\" data-e-type=\"column\">\n\t\t\t<div class=\"elementor-widget-wrap elementor-element-populated\">\n\t\t\t\t\t\t<div class=\"elementor-element elementor-element-de6bbe7 elementor-widget elementor-widget-image\" data-id=\"de6bbe7\" data-element_type=\"widget\" data-e-type=\"widget\" data-widget_type=\"image.default\">\n\t\t\t\t<div class=\"elementor-widget-container\">\n\t\t\t\t\t\t\t\t\t\t\t\t\t\t\t<img fetchpriority=\"high\" decoding=\"async\" width=\"1344\" height=\"768\" src=\"https:\/\/www.jlthinktank.com\/wp-content\/uploads\/2026\/02\/edited-presentation-3.png\" class=\"attachment-full size-full wp-image-10726\" alt=\"\" srcset=\"https:\/\/www.jlthinktank.com\/wp-content\/uploads\/2026\/02\/edited-presentation-3.png 1344w, https:\/\/www.jlthinktank.com\/wp-content\/uploads\/2026\/02\/edited-presentation-3-300x171.png 300w, https:\/\/www.jlthinktank.com\/wp-content\/uploads\/2026\/02\/edited-presentation-3-1024x585.png 1024w, https:\/\/www.jlthinktank.com\/wp-content\/uploads\/2026\/02\/edited-presentation-3-768x439.png 768w, https:\/\/www.jlthinktank.com\/wp-content\/uploads\/2026\/02\/edited-presentation-3-18x10.png 18w, https:\/\/www.jlthinktank.com\/wp-content\/uploads\/2026\/02\/edited-presentation-3-600x343.png 600w\" sizes=\"(max-width: 1344px) 100vw, 1344px\" \/>\t\t\t\t\t\t\t\t\t\t\t\t\t\t\t<\/div>\n\t\t\t\t<\/div>\n\t\t\t\t\t<\/div>\n\t\t<\/div>\n\t\t\t\t\t<\/div>\n\t\t<\/section>\n\t\t\t\t<section class=\"elementor-section elementor-top-section elementor-element elementor-element-f5ea9e3 elementor-section-boxed elementor-section-height-default elementor-section-height-default\" data-id=\"f5ea9e3\" data-element_type=\"section\" data-e-type=\"section\">\n\t\t\t\t\t\t<div class=\"elementor-container elementor-column-gap-default\">\n\t\t\t\t\t<div class=\"elementor-column elementor-col-100 elementor-top-column elementor-element elementor-element-02946b1\" data-id=\"02946b1\" data-element_type=\"column\" data-e-type=\"column\">\n\t\t\t<div class=\"elementor-widget-wrap elementor-element-populated\">\n\t\t\t\t\t\t<div class=\"elementor-element elementor-element-50f4115 elementor-widget-divider--view-line elementor-widget elementor-widget-divider\" data-id=\"50f4115\" data-element_type=\"widget\" data-e-type=\"widget\" data-widget_type=\"divider.default\">\n\t\t\t\t<div class=\"elementor-widget-container\">\n\t\t\t\t\t\t\t<div class=\"elementor-divider\">\n\t\t\t<span class=\"elementor-divider-separator\">\n\t\t\t\t\t\t<\/span>\n\t\t<\/div>\n\t\t\t\t\t\t<\/div>\n\t\t\t\t<\/div>\n\t\t\t\t\t<\/div>\n\t\t<\/div>\n\t\t\t\t\t<\/div>\n\t\t<\/section>\n\t\t\t\t<section class=\"elementor-section elementor-top-section elementor-element elementor-element-bbc468a elementor-section-stretched elementor-section-boxed elementor-section-height-default elementor-section-height-default\" data-id=\"bbc468a\" data-element_type=\"section\" data-e-type=\"section\" data-settings=\"{&quot;stretch_section&quot;:&quot;section-stretched&quot;}\">\n\t\t\t\t\t\t<div class=\"elementor-container elementor-column-gap-default\">\n\t\t\t\t\t<div class=\"elementor-column elementor-col-50 elementor-top-column elementor-element elementor-element-9175b26\" data-id=\"9175b26\" data-element_type=\"column\" data-e-type=\"column\">\n\t\t\t<div class=\"elementor-widget-wrap elementor-element-populated\">\n\t\t\t\t\t\t<div class=\"elementor-element elementor-element-9b8f804 elementor-widget elementor-widget-image\" data-id=\"9b8f804\" data-element_type=\"widget\" data-e-type=\"widget\" data-widget_type=\"image.default\">\n\t\t\t\t<div class=\"elementor-widget-container\">\n\t\t\t\t\t\t\t\t\t\t\t\t\t\t\t<img decoding=\"async\" width=\"2560\" height=\"1440\" src=\"https:\/\/www.jlthinktank.com\/wp-content\/uploads\/2025\/06\/la-moneda-government-building-at-santiago-metropolitan-region-chile-government-politic-SBI-351402324-scaled.jpg\" class=\"attachment-full size-full wp-image-9645\" alt=\"\" srcset=\"https:\/\/www.jlthinktank.com\/wp-content\/uploads\/2025\/06\/la-moneda-government-building-at-santiago-metropolitan-region-chile-government-politic-SBI-351402324-scaled.jpg 2560w, https:\/\/www.jlthinktank.com\/wp-content\/uploads\/2025\/06\/la-moneda-government-building-at-santiago-metropolitan-region-chile-government-politic-SBI-351402324-300x169.jpg 300w, https:\/\/www.jlthinktank.com\/wp-content\/uploads\/2025\/06\/la-moneda-government-building-at-santiago-metropolitan-region-chile-government-politic-SBI-351402324-1024x576.jpg 1024w, https:\/\/www.jlthinktank.com\/wp-content\/uploads\/2025\/06\/la-moneda-government-building-at-santiago-metropolitan-region-chile-government-politic-SBI-351402324-768x432.jpg 768w, https:\/\/www.jlthinktank.com\/wp-content\/uploads\/2025\/06\/la-moneda-government-building-at-santiago-metropolitan-region-chile-government-politic-SBI-351402324-1536x864.jpg 1536w, https:\/\/www.jlthinktank.com\/wp-content\/uploads\/2025\/06\/la-moneda-government-building-at-santiago-metropolitan-region-chile-government-politic-SBI-351402324-2048x1152.jpg 2048w, https:\/\/www.jlthinktank.com\/wp-content\/uploads\/2025\/06\/la-moneda-government-building-at-santiago-metropolitan-region-chile-government-politic-SBI-351402324-600x338.jpg 600w\" sizes=\"(max-width: 2560px) 100vw, 2560px\" \/>\t\t\t\t\t\t\t\t\t\t\t\t\t\t\t<\/div>\n\t\t\t\t<\/div>\n\t\t\t\t\t<\/div>\n\t\t<\/div>\n\t\t\t\t<div class=\"elementor-column elementor-col-50 elementor-top-column elementor-element elementor-element-03a1b1e\" data-id=\"03a1b1e\" data-element_type=\"column\" data-e-type=\"column\">\n\t\t\t<div class=\"elementor-widget-wrap elementor-element-populated\">\n\t\t\t\t\t\t<div class=\"elementor-element elementor-element-421040e elementor-widget elementor-widget-text-editor\" data-id=\"421040e\" data-element_type=\"widget\" data-e-type=\"widget\" data-widget_type=\"text-editor.default\">\n\t\t\t\t<div class=\"elementor-widget-container\">\n\t\t\t\t\t\t\t\t\t<p>Soy Jorge Lazo, ingeniero civil industrial UTFSM con m\u00e1s de 17 a\u00f1os de experiencia trabajando con empresas privadas, instituciones p\u00fablicas y emprendimientos, ayud\u00e1ndolas a enfrentar los desaf\u00edos estrat\u00e9gicos de un mundo cada vez m\u00e1s interconectado y regulado.<\/p><p>Mi especializaci\u00f3n se ha centrado en:<\/p><ul><li>Sistemas de Gesti\u00f3n<\/li><li>Protecci\u00f3n de Datos y Ciberseguridad<\/li><li>Inteligencia Artificial aplicada<\/li><li>Gesti\u00f3n del Riesgo e Innovaci\u00f3n digital<\/li><li>Cuento con dos m\u00e1sters de la Universidad de Barcelona:<ul><li>Gesti\u00f3n de la Eficiencia Energ\u00e9tica<\/li><li>Ciberseguridad<\/li><\/ul><\/li><\/ul><p>A lo largo de mi carrera he trabajado en sectores diversos como la industria a\u00e9rea (Latam Airlines), farmac\u00e9utica, energ\u00e9tica (Ministerio de Energ\u00eda de Chile y empresas de gesti\u00f3n energ\u00e9tica en Espa\u00f1a) y tecnol\u00f3gica<\/p>\t\t\t\t\t\t\t\t<\/div>\n\t\t\t\t<\/div>\n\t\t\t\t\t<\/div>\n\t\t<\/div>\n\t\t\t\t\t<\/div>\n\t\t<\/section>\n\t\t\t\t<section class=\"elementor-section elementor-top-section elementor-element elementor-element-30a02c4 elementor-section-boxed elementor-section-height-default elementor-section-height-default\" data-id=\"30a02c4\" data-element_type=\"section\" data-e-type=\"section\">\n\t\t\t\t\t\t<div class=\"elementor-container elementor-column-gap-default\">\n\t\t\t\t\t<div class=\"elementor-column elementor-col-100 elementor-top-column elementor-element elementor-element-1db599d\" data-id=\"1db599d\" data-element_type=\"column\" data-e-type=\"column\">\n\t\t\t<div class=\"elementor-widget-wrap\">\n\t\t\t\t\t\t\t<\/div>\n\t\t<\/div>\n\t\t\t\t\t<\/div>\n\t\t<\/section>\n\t\t\t\t<section class=\"elementor-section elementor-top-section elementor-element elementor-element-fdedfd6 elementor-section-stretched elementor-section-boxed elementor-section-height-default elementor-section-height-default\" data-id=\"fdedfd6\" data-element_type=\"section\" data-e-type=\"section\" data-settings=\"{&quot;stretch_section&quot;:&quot;section-stretched&quot;}\">\n\t\t\t\t\t\t<div class=\"elementor-container elementor-column-gap-default\">\n\t\t\t\t\t<div class=\"elementor-column elementor-col-50 elementor-top-column elementor-element elementor-element-f068b32\" data-id=\"f068b32\" data-element_type=\"column\" data-e-type=\"column\">\n\t\t\t<div class=\"elementor-widget-wrap elementor-element-populated\">\n\t\t\t\t\t\t<div class=\"elementor-element elementor-element-41e8b6b elementor-widget__width-initial elementor-widget elementor-widget-text-editor\" data-id=\"41e8b6b\" data-element_type=\"widget\" data-e-type=\"widget\" data-widget_type=\"text-editor.default\">\n\t\t\t\t<div class=\"elementor-widget-container\">\n\t\t\t\t\t\t\t\t\t<h2><span style=\"color: #3871c1;\"><strong>De la ingenier\u00eda a la pol\u00edtica y la cultura<\/strong><\/span><\/h2><p>Aunque mi experiencia profesional no estuvo inicialmente ligada a la pol\u00edtica, hace m\u00e1s de 5 a\u00f1os decid\u00ed adentrarme en la politolog\u00eda para responder preguntas que a\u00fan gu\u00edan mi trabajo:<\/p><p><em>\u00bfCu\u00e1ntos vectores interfieren en la ingenier\u00eda social?<\/em><\/p><p><em>\u00bfCu\u00e1l es el verdadero peso del factor ideol\u00f3gico en los cambios que experimentamos como sociedad?<\/em><\/p><p>Estas inquietudes me llevaron a comprender la pol\u00edtica como un mecanismo central de relaci\u00f3n y a dedicarme por completo a su estudio.<\/p>\t\t\t\t\t\t\t\t<\/div>\n\t\t\t\t<\/div>\n\t\t\t\t\t<\/div>\n\t\t<\/div>\n\t\t\t\t<div class=\"elementor-column elementor-col-50 elementor-top-column elementor-element elementor-element-926f241\" data-id=\"926f241\" data-element_type=\"column\" data-e-type=\"column\">\n\t\t\t<div class=\"elementor-widget-wrap elementor-element-populated\">\n\t\t\t\t\t\t<div class=\"elementor-element elementor-element-4d1d55b elementor-widget elementor-widget-image\" data-id=\"4d1d55b\" data-element_type=\"widget\" data-e-type=\"widget\" data-widget_type=\"image.default\">\n\t\t\t\t<div class=\"elementor-widget-container\">\n\t\t\t\t\t\t\t\t\t\t\t\t\t\t\t<img decoding=\"async\" width=\"800\" height=\"450\" src=\"https:\/\/www.jlthinktank.com\/wp-content\/uploads\/2025\/06\/businessman-and-data-protection-SBI-351082345-1024x576.jpg\" class=\"attachment-large size-large wp-image-9665\" alt=\"\" srcset=\"https:\/\/www.jlthinktank.com\/wp-content\/uploads\/2025\/06\/businessman-and-data-protection-SBI-351082345-1024x576.jpg 1024w, https:\/\/www.jlthinktank.com\/wp-content\/uploads\/2025\/06\/businessman-and-data-protection-SBI-351082345-300x169.jpg 300w, https:\/\/www.jlthinktank.com\/wp-content\/uploads\/2025\/06\/businessman-and-data-protection-SBI-351082345-768x432.jpg 768w, https:\/\/www.jlthinktank.com\/wp-content\/uploads\/2025\/06\/businessman-and-data-protection-SBI-351082345-1536x864.jpg 1536w, https:\/\/www.jlthinktank.com\/wp-content\/uploads\/2025\/06\/businessman-and-data-protection-SBI-351082345-2048x1152.jpg 2048w, https:\/\/www.jlthinktank.com\/wp-content\/uploads\/2025\/06\/businessman-and-data-protection-SBI-351082345-600x338.jpg 600w\" sizes=\"(max-width: 800px) 100vw, 800px\" \/>\t\t\t\t\t\t\t\t\t\t\t\t\t\t\t<\/div>\n\t\t\t\t<\/div>\n\t\t\t\t\t<\/div>\n\t\t<\/div>\n\t\t\t\t\t<\/div>\n\t\t<\/section>\n\t\t\t\t<section class=\"elementor-section elementor-top-section elementor-element elementor-element-a1e74f6 elementor-section-stretched elementor-section-boxed elementor-section-height-default elementor-section-height-default\" data-id=\"a1e74f6\" data-element_type=\"section\" data-e-type=\"section\" data-settings=\"{&quot;stretch_section&quot;:&quot;section-stretched&quot;}\">\n\t\t\t\t\t\t<div class=\"elementor-container elementor-column-gap-default\">\n\t\t\t\t\t<div class=\"elementor-column elementor-col-50 elementor-top-column elementor-element elementor-element-13ab929\" data-id=\"13ab929\" data-element_type=\"column\" data-e-type=\"column\">\n\t\t\t<div class=\"elementor-widget-wrap elementor-element-populated\">\n\t\t\t\t\t\t<div class=\"elementor-element elementor-element-66b2d8a elementor-widget__width-initial elementor-widget elementor-widget-image\" data-id=\"66b2d8a\" data-element_type=\"widget\" data-e-type=\"widget\" data-widget_type=\"image.default\">\n\t\t\t\t<div class=\"elementor-widget-container\">\n\t\t\t\t\t\t\t\t\t\t\t\t\t\t\t<img loading=\"lazy\" decoding=\"async\" width=\"800\" height=\"450\" src=\"https:\/\/www.jlthinktank.com\/wp-content\/uploads\/revslider\/video-media\/JL-Presentando-1_28-1024x576.jpeg\" class=\"attachment-large size-large wp-image-9661\" alt=\"\" srcset=\"https:\/\/www.jlthinktank.com\/wp-content\/uploads\/revslider\/video-media\/JL-Presentando-1_28-1024x576.jpeg 1024w, https:\/\/www.jlthinktank.com\/wp-content\/uploads\/revslider\/video-media\/JL-Presentando-1_28-300x169.jpeg 300w, https:\/\/www.jlthinktank.com\/wp-content\/uploads\/revslider\/video-media\/JL-Presentando-1_28-768x432.jpeg 768w, https:\/\/www.jlthinktank.com\/wp-content\/uploads\/revslider\/video-media\/JL-Presentando-1_28-600x338.jpeg 600w, https:\/\/www.jlthinktank.com\/wp-content\/uploads\/revslider\/video-media\/JL-Presentando-1_28.jpeg 1280w\" sizes=\"(max-width: 800px) 100vw, 800px\" \/>\t\t\t\t\t\t\t\t\t\t\t\t\t\t\t<\/div>\n\t\t\t\t<\/div>\n\t\t\t\t\t<\/div>\n\t\t<\/div>\n\t\t\t\t<div class=\"elementor-column elementor-col-50 elementor-top-column elementor-element elementor-element-f8fdfdd\" data-id=\"f8fdfdd\" data-element_type=\"column\" data-e-type=\"column\">\n\t\t\t<div class=\"elementor-widget-wrap elementor-element-populated\">\n\t\t\t\t\t\t<div class=\"elementor-element elementor-element-19050bc elementor-widget elementor-widget-text-editor\" data-id=\"19050bc\" data-element_type=\"widget\" data-e-type=\"widget\" data-widget_type=\"text-editor.default\">\n\t\t\t\t<div class=\"elementor-widget-container\">\n\t\t\t\t\t\t\t\t\t<h2><span style=\"color: #3871c1;\"><strong>Mi enfoque<\/strong><\/span><\/h2><p>He integrado herramientas de prospectiva estrat\u00e9gica, inteligencia competitiva y an\u00e1lisis del entorno geopol\u00edtico, social y cultural, con el fin de dise\u00f1ar propuestas de valor para la sociedad.<\/p><p>Estoy convencido de que hoy vivimos bombardeados por \u201cnuevas ideas\u201d que, en realidad, provienen de viejas vertientes ideol\u00f3gicas muy actualizadas, cuyo objetivo es moldear un \u201csujeto revolucionario\u201d:<\/p><ul><li>Desvinculado de Dios<\/li><li>Dudoso de la existencia de dos sexos (hombre y mujer)<\/li><li>Alejado de la familia como la conocemos<\/li><\/ul><p>Este proceso afecta directamente a nuestras instituciones, debilit\u00e1ndolas, si no ejercemos una vigilancia activa sobre su principal motor: el marxismo.<\/p><h2><span style=\"color: #3871c1;\">Visi\u00f3n<\/span><\/h2><p>Creo profundamente que si las personas cuentan con la informaci\u00f3n adecuada y realizan sus propios razonamientos frente a los acontecimientos pol\u00edticos, culturales y cient\u00edficos, podremos construir una sociedad menos vulnerable a la manipulaci\u00f3n ideol\u00f3gica y m\u00e1s preparada para defender sus valores esenciales.<\/p>\t\t\t\t\t\t\t\t<\/div>\n\t\t\t\t<\/div>\n\t\t\t\t\t<\/div>\n\t\t<\/div>\n\t\t\t\t\t<\/div>\n\t\t<\/section>\n\t\t\t\t<\/div>\n\t\t","protected":false},"excerpt":{"rendered":"<p>Soy Jorge Lazo, ingeniero civil industrial UTFSM con m\u00e1s de 17 a\u00f1os de experiencia trabajando con empresas privadas, instituciones p\u00fablicas y emprendimientos, ayud\u00e1ndolas a enfrentar los desaf\u00edos estrat\u00e9gicos de un mundo cada vez m\u00e1s interconectado y regulado. Mi especializaci\u00f3n se ha centrado en: Sistemas de Gesti\u00f3n Protecci\u00f3n de Datos y Ciberseguridad Inteligencia Artificial aplicada Gesti\u00f3n [&hellip;]<\/p>\n","protected":false},"author":1,"featured_media":0,"parent":0,"menu_order":0,"comment_status":"closed","ping_status":"closed","template":"template\/full-width-template.php","meta":{"footnotes":""},"class_list":["post-1894","page","type-page","status-publish","hentry"],"yoast_head":"<!-- This site is optimized with the Yoast SEO plugin v27.5 - https:\/\/yoast.com\/product\/yoast-seo-wordpress\/ -->\n<title>Acerca de Jorge - JL Think Tank<\/title>\n<meta name=\"robots\" content=\"index, follow, max-snippet:-1, max-image-preview:large, max-video-preview:-1\" \/>\n<link rel=\"canonical\" href=\"https:\/\/www.jlthinktank.com\/pt\/acerca-de-mi\/\" \/>\n<meta property=\"og:locale\" content=\"pt_BR\" \/>\n<meta property=\"og:type\" content=\"article\" \/>\n<meta property=\"og:title\" content=\"Acerca de Jorge - JL Think Tank\" \/>\n<meta property=\"og:description\" content=\"Soy Jorge Lazo, ingeniero civil industrial UTFSM con m\u00e1s de 17 a\u00f1os de experiencia trabajando con empresas privadas, instituciones p\u00fablicas y emprendimientos, ayud\u00e1ndolas a enfrentar los desaf\u00edos estrat\u00e9gicos de un mundo cada vez m\u00e1s interconectado y regulado. Mi especializaci\u00f3n se ha centrado en: Sistemas de Gesti\u00f3n Protecci\u00f3n de Datos y Ciberseguridad Inteligencia Artificial aplicada Gesti\u00f3n [&hellip;]\" \/>\n<meta property=\"og:url\" content=\"https:\/\/www.jlthinktank.com\/pt\/acerca-de-mi\/\" \/>\n<meta property=\"og:site_name\" content=\"JL Think Tank\" \/>\n<meta property=\"article:modified_time\" content=\"2026-02-21T13:12:13+00:00\" \/>\n<meta property=\"og:image\" content=\"https:\/\/www.jlthinktank.com\/wp-content\/uploads\/2026\/02\/edited-presentation-3.png\" \/>\n\t<meta property=\"og:image:width\" content=\"1344\" \/>\n\t<meta property=\"og:image:height\" content=\"768\" \/>\n\t<meta property=\"og:image:type\" content=\"image\/png\" \/>\n<meta name=\"twitter:card\" content=\"summary_large_image\" \/>\n<meta name=\"twitter:label1\" content=\"Est. tempo de leitura\" \/>\n\t<meta name=\"twitter:data1\" content=\"3 minutos\" \/>\n<script type=\"application\/ld+json\" class=\"yoast-schema-graph\">{\"@context\":\"https:\\\/\\\/schema.org\",\"@graph\":[{\"@type\":\"WebPage\",\"@id\":\"https:\\\/\\\/www.jlthinktank.com\\\/acerca-de-mi\\\/\",\"url\":\"https:\\\/\\\/www.jlthinktank.com\\\/acerca-de-mi\\\/\",\"name\":\"Acerca de Jorge - JL Think Tank\",\"isPartOf\":{\"@id\":\"https:\\\/\\\/www.jlthinktank.com\\\/#website\"},\"primaryImageOfPage\":{\"@id\":\"https:\\\/\\\/www.jlthinktank.com\\\/acerca-de-mi\\\/#primaryimage\"},\"image\":{\"@id\":\"https:\\\/\\\/www.jlthinktank.com\\\/acerca-de-mi\\\/#primaryimage\"},\"thumbnailUrl\":\"https:\\\/\\\/www.jlthinktank.com\\\/wp-content\\\/uploads\\\/2026\\\/02\\\/edited-presentation-3.png\",\"datePublished\":\"2019-07-09T05:18:43+00:00\",\"dateModified\":\"2026-02-21T13:12:13+00:00\",\"breadcrumb\":{\"@id\":\"https:\\\/\\\/www.jlthinktank.com\\\/acerca-de-mi\\\/#breadcrumb\"},\"inLanguage\":\"pt-BR\",\"potentialAction\":[{\"@type\":\"ReadAction\",\"target\":[\"https:\\\/\\\/www.jlthinktank.com\\\/acerca-de-mi\\\/\"]}]},{\"@type\":\"ImageObject\",\"inLanguage\":\"pt-BR\",\"@id\":\"https:\\\/\\\/www.jlthinktank.com\\\/acerca-de-mi\\\/#primaryimage\",\"url\":\"https:\\\/\\\/www.jlthinktank.com\\\/wp-content\\\/uploads\\\/2026\\\/02\\\/edited-presentation-3.png\",\"contentUrl\":\"https:\\\/\\\/www.jlthinktank.com\\\/wp-content\\\/uploads\\\/2026\\\/02\\\/edited-presentation-3.png\"},{\"@type\":\"BreadcrumbList\",\"@id\":\"https:\\\/\\\/www.jlthinktank.com\\\/acerca-de-mi\\\/#breadcrumb\",\"itemListElement\":[{\"@type\":\"ListItem\",\"position\":1,\"name\":\"Portada\",\"item\":\"https:\\\/\\\/www.jlthinktank.com\\\/\"},{\"@type\":\"ListItem\",\"position\":2,\"name\":\"Acerca de Jorge\"}]},{\"@type\":\"WebSite\",\"@id\":\"https:\\\/\\\/www.jlthinktank.com\\\/#website\",\"url\":\"https:\\\/\\\/www.jlthinktank.com\\\/\",\"name\":\"JL Think Tank\",\"description\":\"Centro de pensamiento\",\"potentialAction\":[{\"@type\":\"SearchAction\",\"target\":{\"@type\":\"EntryPoint\",\"urlTemplate\":\"https:\\\/\\\/www.jlthinktank.com\\\/?s={search_term_string}\"},\"query-input\":{\"@type\":\"PropertyValueSpecification\",\"valueRequired\":true,\"valueName\":\"search_term_string\"}}],\"inLanguage\":\"pt-BR\"}]}<\/script>\n<!-- \/ Yoast SEO plugin. -->","yoast_head_json":{"title":"Acerca de Jorge - JL Think Tank","robots":{"index":"index","follow":"follow","max-snippet":"max-snippet:-1","max-image-preview":"max-image-preview:large","max-video-preview":"max-video-preview:-1"},"canonical":"https:\/\/www.jlthinktank.com\/pt\/acerca-de-mi\/","og_locale":"pt_BR","og_type":"article","og_title":"Acerca de Jorge - JL Think Tank","og_description":"Soy Jorge Lazo, ingeniero civil industrial UTFSM con m\u00e1s de 17 a\u00f1os de experiencia trabajando con empresas privadas, instituciones p\u00fablicas y emprendimientos, ayud\u00e1ndolas a enfrentar los desaf\u00edos estrat\u00e9gicos de un mundo cada vez m\u00e1s interconectado y regulado. Mi especializaci\u00f3n se ha centrado en: Sistemas de Gesti\u00f3n Protecci\u00f3n de Datos y Ciberseguridad Inteligencia Artificial aplicada Gesti\u00f3n [&hellip;]","og_url":"https:\/\/www.jlthinktank.com\/pt\/acerca-de-mi\/","og_site_name":"JL Think Tank","article_modified_time":"2026-02-21T13:12:13+00:00","og_image":[{"width":1344,"height":768,"url":"https:\/\/www.jlthinktank.com\/wp-content\/uploads\/2026\/02\/edited-presentation-3.png","type":"image\/png"}],"twitter_card":"summary_large_image","twitter_misc":{"Est. tempo de leitura":"3 minutos"},"schema":{"@context":"https:\/\/schema.org","@graph":[{"@type":"WebPage","@id":"https:\/\/www.jlthinktank.com\/acerca-de-mi\/","url":"https:\/\/www.jlthinktank.com\/acerca-de-mi\/","name":"Acerca de Jorge - JL Think Tank","isPartOf":{"@id":"https:\/\/www.jlthinktank.com\/#website"},"primaryImageOfPage":{"@id":"https:\/\/www.jlthinktank.com\/acerca-de-mi\/#primaryimage"},"image":{"@id":"https:\/\/www.jlthinktank.com\/acerca-de-mi\/#primaryimage"},"thumbnailUrl":"https:\/\/www.jlthinktank.com\/wp-content\/uploads\/2026\/02\/edited-presentation-3.png","datePublished":"2019-07-09T05:18:43+00:00","dateModified":"2026-02-21T13:12:13+00:00","breadcrumb":{"@id":"https:\/\/www.jlthinktank.com\/acerca-de-mi\/#breadcrumb"},"inLanguage":"pt-BR","potentialAction":[{"@type":"ReadAction","target":["https:\/\/www.jlthinktank.com\/acerca-de-mi\/"]}]},{"@type":"ImageObject","inLanguage":"pt-BR","@id":"https:\/\/www.jlthinktank.com\/acerca-de-mi\/#primaryimage","url":"https:\/\/www.jlthinktank.com\/wp-content\/uploads\/2026\/02\/edited-presentation-3.png","contentUrl":"https:\/\/www.jlthinktank.com\/wp-content\/uploads\/2026\/02\/edited-presentation-3.png"},{"@type":"BreadcrumbList","@id":"https:\/\/www.jlthinktank.com\/acerca-de-mi\/#breadcrumb","itemListElement":[{"@type":"ListItem","position":1,"name":"Portada","item":"https:\/\/www.jlthinktank.com\/"},{"@type":"ListItem","position":2,"name":"Acerca de Jorge"}]},{"@type":"WebSite","@id":"https:\/\/www.jlthinktank.com\/#website","url":"https:\/\/www.jlthinktank.com\/","name":"Grupo de reflex\u00e3o JL","description":"Centro de pensamiento","potentialAction":[{"@type":"SearchAction","target":{"@type":"EntryPoint","urlTemplate":"https:\/\/www.jlthinktank.com\/?s={search_term_string}"},"query-input":{"@type":"PropertyValueSpecification","valueRequired":true,"valueName":"search_term_string"}}],"inLanguage":"pt-BR"}]}},"_links":{"self":[{"href":"https:\/\/www.jlthinktank.com\/pt\/wp-json\/wp\/v2\/pages\/1894","targetHints":{"allow":["GET"]}}],"collection":[{"href":"https:\/\/www.jlthinktank.com\/pt\/wp-json\/wp\/v2\/pages"}],"about":[{"href":"https:\/\/www.jlthinktank.com\/pt\/wp-json\/wp\/v2\/types\/page"}],"author":[{"embeddable":true,"href":"https:\/\/www.jlthinktank.com\/pt\/wp-json\/wp\/v2\/users\/1"}],"replies":[{"embeddable":true,"href":"https:\/\/www.jlthinktank.com\/pt\/wp-json\/wp\/v2\/comments?post=1894"}],"version-history":[{"count":140,"href":"https:\/\/www.jlthinktank.com\/pt\/wp-json\/wp\/v2\/pages\/1894\/revisions"}],"predecessor-version":[{"id":10758,"href":"https:\/\/www.jlthinktank.com\/pt\/wp-json\/wp\/v2\/pages\/1894\/revisions\/10758"}],"wp:attachment":[{"href":"https:\/\/www.jlthinktank.com\/pt\/wp-json\/wp\/v2\/media?parent=1894"}],"curies":[{"name":"wp","href":"https:\/\/api.w.org\/{rel}","templated":true}]}}