{"id":10853,"date":"2026-02-28T16:33:54","date_gmt":"2026-02-28T19:33:54","guid":{"rendered":"https:\/\/www.jlthinktank.com\/?page_id=10853"},"modified":"2026-02-28T16:37:57","modified_gmt":"2026-02-28T19:37:57","slug":"geopolitica-de-recursos-e-industrias","status":"publish","type":"page","link":"https:\/\/www.jlthinktank.com\/pt\/geopolitica-de-recursos-e-industrias\/","title":{"rendered":"Geopol\u00edtica de Recursos e Industrias"},"content":{"rendered":"<div data-elementor-type=\"wp-page\" data-elementor-id=\"10853\" class=\"elementor elementor-10853\">\n\t\t\t\t\t\t<section class=\"elementor-section elementor-top-section elementor-element elementor-element-26e430a elementor-section-content-middle elementor-section-stretched elementor-section-boxed elementor-section-height-default elementor-section-height-default\" data-id=\"26e430a\" data-element_type=\"section\" data-e-type=\"section\" data-settings=\"{&quot;background_background&quot;:&quot;classic&quot;,&quot;stretch_section&quot;:&quot;section-stretched&quot;}\">\n\t\t\t\t\t\t\t<div class=\"elementor-background-overlay\"><\/div>\n\t\t\t\t\t\t\t<div class=\"elementor-container elementor-column-gap-no\">\n\t\t\t\t\t<div class=\"elementor-column elementor-col-100 elementor-top-column elementor-element elementor-element-1f52bf2d\" data-id=\"1f52bf2d\" data-element_type=\"column\" data-e-type=\"column\">\n\t\t\t<div class=\"elementor-widget-wrap elementor-element-populated\">\n\t\t\t\t\t\t<div class=\"elementor-element elementor-element-1597a63 elementor-widget elementor-widget-heading\" data-id=\"1597a63\" data-element_type=\"widget\" data-e-type=\"widget\" data-widget_type=\"heading.default\">\n\t\t\t\t<div class=\"elementor-widget-container\">\n\t\t\t\t\t<h4 class=\"elementor-heading-title elementor-size-default\">\u00bfLatinoamerica cuida sus activos estrategicos?<\/h4>\t\t\t\t<\/div>\n\t\t\t\t<\/div>\n\t\t\t\t<div class=\"elementor-element elementor-element-868597e elementor-widget elementor-widget-heading\" data-id=\"868597e\" data-element_type=\"widget\" data-e-type=\"widget\" data-widget_type=\"heading.default\">\n\t\t\t\t<div class=\"elementor-widget-container\">\n\t\t\t\t\t<h5 class=\"elementor-heading-title elementor-size-default\">El debate es enorme y la concreci\u00f3n de proyectos con mayor autonom\u00eda de las grandes potencias es escasa a\u00fan, aunque hay indicios de revertir esa condici\u00f3n.<\/h5>\t\t\t\t<\/div>\n\t\t\t\t<\/div>\n\t\t\t\t\t<\/div>\n\t\t<\/div>\n\t\t\t\t\t<\/div>\n\t\t<\/section>\n\t\t\t\t<section class=\"elementor-section elementor-top-section elementor-element elementor-element-15f64f8 elementor-section-content-middle elementor-section-stretched elementor-section-boxed elementor-section-height-default elementor-section-height-default\" data-id=\"15f64f8\" data-element_type=\"section\" data-e-type=\"section\" data-settings=\"{&quot;stretch_section&quot;:&quot;section-stretched&quot;}\">\n\t\t\t\t\t\t<div class=\"elementor-container elementor-column-gap-extended\">\n\t\t\t\t\t<div class=\"elementor-column elementor-col-50 elementor-top-column elementor-element elementor-element-9b1a069\" data-id=\"9b1a069\" data-element_type=\"column\" data-e-type=\"column\" data-settings=\"{&quot;background_background&quot;:&quot;classic&quot;}\">\n\t\t\t<div class=\"elementor-widget-wrap elementor-element-populated\">\n\t\t\t\t\t<div class=\"elementor-background-overlay\"><\/div>\n\t\t\t\t\t\t<div class=\"elementor-element elementor-element-c0c1b09 elementor-widget elementor-widget-heading\" data-id=\"c0c1b09\" data-element_type=\"widget\" data-e-type=\"widget\" data-widget_type=\"heading.default\">\n\t\t\t\t<div class=\"elementor-widget-container\">\n\t\t\t\t\t<h4 class=\"elementor-heading-title elementor-size-default\">Riqueza Estrat\u00e9gica y Relevancia Geopol\u00edtica<\/h4>\t\t\t\t<\/div>\n\t\t\t\t<\/div>\n\t\t\t\t\t<\/div>\n\t\t<\/div>\n\t\t\t\t<div class=\"elementor-column elementor-col-50 elementor-top-column elementor-element elementor-element-1dec348\" data-id=\"1dec348\" data-element_type=\"column\" data-e-type=\"column\">\n\t\t\t<div class=\"elementor-widget-wrap elementor-element-populated\">\n\t\t\t\t\t\t<div class=\"elementor-element elementor-element-258addf elementor-drop-cap-yes elementor-drop-cap-view-default elementor-widget elementor-widget-text-editor\" data-id=\"258addf\" data-element_type=\"widget\" data-e-type=\"widget\" data-settings=\"{&quot;drop_cap&quot;:&quot;yes&quot;}\" data-widget_type=\"text-editor.default\">\n\t\t\t\t<div class=\"elementor-widget-container\">\n\t\t\t\t\t\t\t\t\t<p>En el tablero global, Latinoam\u00e9rica es un territorio en disputa y al mismo tiempo un centro de oportunidades para quienes comprendan su peso estrat\u00e9gico.<\/p>\t\t\t\t\t\t\t\t<\/div>\n\t\t\t\t<\/div>\n\t\t\t\t<div class=\"elementor-element elementor-element-b2de671 elementor-widget elementor-widget-text-editor\" data-id=\"b2de671\" data-element_type=\"widget\" data-e-type=\"widget\" data-widget_type=\"text-editor.default\">\n\t\t\t\t<div class=\"elementor-widget-container\">\n\t\t\t\t\t\t\t\t\t<p data-start=\"1676\" data-end=\"1895\"><span style=\"color: #3871c1;\"><strong data-start=\"1676\" data-end=\"1703\">Un continente codiciado<\/strong><\/span><\/p>\n<p data-start=\"1676\" data-end=\"1895\"><span style=\"color: #333333;\">Con abundancia en litio, cobre, gas, petr\u00f3leo, alimentos y agua dulce, la regi\u00f3n es fundamental para la transici\u00f3n energ\u00e9tica, la producci\u00f3n tecnol\u00f3gica y la seguridad alimentaria mundial.<\/span><\/p>\n<p data-start=\"1898\" data-end=\"2143\"><span style=\"color: #3871c1;\"><strong data-start=\"1898\" data-end=\"1920\">Puente geopol\u00edtico<\/strong><\/span><\/p>\n<p data-start=\"1898\" data-end=\"2143\"><span style=\"color: #333333;\">La ubicaci\u00f3n privilegiada entre dos oc\u00e9anos y la cercan\u00eda a EE.UU., junto con los v\u00ednculos hist\u00f3ricos con Europa y las crecientes relaciones con Asia, obligan a Latinoam\u00e9rica a definir posiciones en defensa de sus activos estrat\u00e9gicos.<\/span><\/p>\n<p data-start=\"2146\" data-end=\"2391\"><span style=\"color: #3871c1;\"><strong data-start=\"2146\" data-end=\"2175\">El nuevo campo de disputa<\/strong><\/span><\/p>\n<p data-start=\"2146\" data-end=\"2391\"><span style=\"color: #333333;\">China, EE.UU., Rusia y Europa buscan influencia en la regi\u00f3n, pero Latinoam\u00e9rica tiene la posibilidad de no ser solo un terreno de competencia, sino un <strong data-start=\"2329\" data-end=\"2362\">actor soberano con voz propia<\/strong> en el orden internacional.<\/span><\/p>\n<p><span style=\"color: #3871c1;\"><strong data-start=\"2394\" data-end=\"2414\">Un rol emergente<\/strong><\/span><\/p>\n<p><span style=\"color: #333333;\">Las decisiones pol\u00edticas, econ\u00f3micas y diplom\u00e1ticas que tome la regi\u00f3n en las pr\u00f3ximas d\u00e9cadas definir\u00e1n no solo su futuro, sino tambi\u00e9n el equilibrio global.<\/span><\/p>\t\t\t\t\t\t\t\t<\/div>\n\t\t\t\t<\/div>\n\t\t\t\t\t<\/div>\n\t\t<\/div>\n\t\t\t\t\t<\/div>\n\t\t<\/section>\n\t\t\t\t<\/div>","protected":false},"excerpt":{"rendered":"<p>\u00bfLatinoamerica cuida sus activos estrategicos? El debate es enorme y la concreci\u00f3n de proyectos con mayor autonom\u00eda de las grandes potencias es escasa a\u00fan, aunque hay indicios de revertir esa condici\u00f3n. Riqueza Estrat\u00e9gica y Relevancia Geopol\u00edtica En el tablero global, Latinoam\u00e9rica es un territorio en disputa y al mismo tiempo un centro de oportunidades para [&hellip;]<\/p>\n","protected":false},"author":1,"featured_media":0,"parent":0,"menu_order":0,"comment_status":"closed","ping_status":"closed","template":"","meta":{"footnotes":""},"class_list":["post-10853","page","type-page","status-publish","hentry"],"yoast_head":"<!-- This site is optimized with the Yoast SEO plugin v27.3 - https:\/\/yoast.com\/product\/yoast-seo-wordpress\/ -->\n<title>Geopol\u00edtica de Recursos e Industrias - JL Think Tank<\/title>\n<meta name=\"robots\" content=\"index, follow, max-snippet:-1, max-image-preview:large, max-video-preview:-1\" \/>\n<link rel=\"canonical\" href=\"https:\/\/www.jlthinktank.com\/pt\/geopolitica-de-recursos-e-industrias\/\" \/>\n<meta property=\"og:locale\" content=\"pt_BR\" \/>\n<meta property=\"og:type\" content=\"article\" \/>\n<meta property=\"og:title\" content=\"Geopol\u00edtica de Recursos e Industrias - JL Think Tank\" \/>\n<meta property=\"og:description\" content=\"\u00bfLatinoamerica cuida sus activos estrategicos? El debate es enorme y la concreci\u00f3n de proyectos con mayor autonom\u00eda de las grandes potencias es escasa a\u00fan, aunque hay indicios de revertir esa condici\u00f3n. Riqueza Estrat\u00e9gica y Relevancia Geopol\u00edtica En el tablero global, Latinoam\u00e9rica es un territorio en disputa y al mismo tiempo un centro de oportunidades para [&hellip;]\" \/>\n<meta property=\"og:url\" content=\"https:\/\/www.jlthinktank.com\/pt\/geopolitica-de-recursos-e-industrias\/\" \/>\n<meta property=\"og:site_name\" content=\"JL Think Tank\" \/>\n<meta property=\"article:modified_time\" content=\"2026-02-28T19:37:57+00:00\" \/>\n<meta name=\"twitter:card\" content=\"summary_large_image\" \/>\n<meta name=\"twitter:label1\" content=\"Est. tempo de leitura\" \/>\n\t<meta name=\"twitter:data1\" content=\"1 minuto\" \/>\n<script type=\"application\/ld+json\" class=\"yoast-schema-graph\">{\"@context\":\"https:\\\/\\\/schema.org\",\"@graph\":[{\"@type\":\"WebPage\",\"@id\":\"https:\\\/\\\/www.jlthinktank.com\\\/geopolitica-de-recursos-e-industrias\\\/\",\"url\":\"https:\\\/\\\/www.jlthinktank.com\\\/geopolitica-de-recursos-e-industrias\\\/\",\"name\":\"Geopol\u00edtica de Recursos e Industrias - JL Think Tank\",\"isPartOf\":{\"@id\":\"https:\\\/\\\/www.jlthinktank.com\\\/#website\"},\"datePublished\":\"2026-02-28T19:33:54+00:00\",\"dateModified\":\"2026-02-28T19:37:57+00:00\",\"breadcrumb\":{\"@id\":\"https:\\\/\\\/www.jlthinktank.com\\\/geopolitica-de-recursos-e-industrias\\\/#breadcrumb\"},\"inLanguage\":\"pt-BR\",\"potentialAction\":[{\"@type\":\"ReadAction\",\"target\":[\"https:\\\/\\\/www.jlthinktank.com\\\/geopolitica-de-recursos-e-industrias\\\/\"]}]},{\"@type\":\"BreadcrumbList\",\"@id\":\"https:\\\/\\\/www.jlthinktank.com\\\/geopolitica-de-recursos-e-industrias\\\/#breadcrumb\",\"itemListElement\":[{\"@type\":\"ListItem\",\"position\":1,\"name\":\"Portada\",\"item\":\"https:\\\/\\\/www.jlthinktank.com\\\/\"},{\"@type\":\"ListItem\",\"position\":2,\"name\":\"Geopol\u00edtica de Recursos e Industrias\"}]},{\"@type\":\"WebSite\",\"@id\":\"https:\\\/\\\/www.jlthinktank.com\\\/#website\",\"url\":\"https:\\\/\\\/www.jlthinktank.com\\\/\",\"name\":\"JL Think Tank\",\"description\":\"Centro de pensamiento\",\"potentialAction\":[{\"@type\":\"SearchAction\",\"target\":{\"@type\":\"EntryPoint\",\"urlTemplate\":\"https:\\\/\\\/www.jlthinktank.com\\\/?s={search_term_string}\"},\"query-input\":{\"@type\":\"PropertyValueSpecification\",\"valueRequired\":true,\"valueName\":\"search_term_string\"}}],\"inLanguage\":\"pt-BR\"}]}<\/script>\n<!-- \/ Yoast SEO plugin. -->","yoast_head_json":{"title":"Geopol\u00edtica de Recursos e Industrias - JL Think Tank","robots":{"index":"index","follow":"follow","max-snippet":"max-snippet:-1","max-image-preview":"max-image-preview:large","max-video-preview":"max-video-preview:-1"},"canonical":"https:\/\/www.jlthinktank.com\/pt\/geopolitica-de-recursos-e-industrias\/","og_locale":"pt_BR","og_type":"article","og_title":"Geopol\u00edtica de Recursos e Industrias - JL Think Tank","og_description":"\u00bfLatinoamerica cuida sus activos estrategicos? El debate es enorme y la concreci\u00f3n de proyectos con mayor autonom\u00eda de las grandes potencias es escasa a\u00fan, aunque hay indicios de revertir esa condici\u00f3n. Riqueza Estrat\u00e9gica y Relevancia Geopol\u00edtica En el tablero global, Latinoam\u00e9rica es un territorio en disputa y al mismo tiempo un centro de oportunidades para [&hellip;]","og_url":"https:\/\/www.jlthinktank.com\/pt\/geopolitica-de-recursos-e-industrias\/","og_site_name":"JL Think Tank","article_modified_time":"2026-02-28T19:37:57+00:00","twitter_card":"summary_large_image","twitter_misc":{"Est. tempo de leitura":"1 minuto"},"schema":{"@context":"https:\/\/schema.org","@graph":[{"@type":"WebPage","@id":"https:\/\/www.jlthinktank.com\/geopolitica-de-recursos-e-industrias\/","url":"https:\/\/www.jlthinktank.com\/geopolitica-de-recursos-e-industrias\/","name":"Geopol\u00edtica de Recursos e Industrias - JL Think Tank","isPartOf":{"@id":"https:\/\/www.jlthinktank.com\/#website"},"datePublished":"2026-02-28T19:33:54+00:00","dateModified":"2026-02-28T19:37:57+00:00","breadcrumb":{"@id":"https:\/\/www.jlthinktank.com\/geopolitica-de-recursos-e-industrias\/#breadcrumb"},"inLanguage":"pt-BR","potentialAction":[{"@type":"ReadAction","target":["https:\/\/www.jlthinktank.com\/geopolitica-de-recursos-e-industrias\/"]}]},{"@type":"BreadcrumbList","@id":"https:\/\/www.jlthinktank.com\/geopolitica-de-recursos-e-industrias\/#breadcrumb","itemListElement":[{"@type":"ListItem","position":1,"name":"Portada","item":"https:\/\/www.jlthinktank.com\/"},{"@type":"ListItem","position":2,"name":"Geopol\u00edtica de Recursos e Industrias"}]},{"@type":"WebSite","@id":"https:\/\/www.jlthinktank.com\/#website","url":"https:\/\/www.jlthinktank.com\/","name":"Grupo de reflex\u00e3o JL","description":"Centro de pensamiento","potentialAction":[{"@type":"SearchAction","target":{"@type":"EntryPoint","urlTemplate":"https:\/\/www.jlthinktank.com\/?s={search_term_string}"},"query-input":{"@type":"PropertyValueSpecification","valueRequired":true,"valueName":"search_term_string"}}],"inLanguage":"pt-BR"}]}},"_links":{"self":[{"href":"https:\/\/www.jlthinktank.com\/pt\/wp-json\/wp\/v2\/pages\/10853","targetHints":{"allow":["GET"]}}],"collection":[{"href":"https:\/\/www.jlthinktank.com\/pt\/wp-json\/wp\/v2\/pages"}],"about":[{"href":"https:\/\/www.jlthinktank.com\/pt\/wp-json\/wp\/v2\/types\/page"}],"author":[{"embeddable":true,"href":"https:\/\/www.jlthinktank.com\/pt\/wp-json\/wp\/v2\/users\/1"}],"replies":[{"embeddable":true,"href":"https:\/\/www.jlthinktank.com\/pt\/wp-json\/wp\/v2\/comments?post=10853"}],"version-history":[{"count":10,"href":"https:\/\/www.jlthinktank.com\/pt\/wp-json\/wp\/v2\/pages\/10853\/revisions"}],"predecessor-version":[{"id":10870,"href":"https:\/\/www.jlthinktank.com\/pt\/wp-json\/wp\/v2\/pages\/10853\/revisions\/10870"}],"wp:attachment":[{"href":"https:\/\/www.jlthinktank.com\/pt\/wp-json\/wp\/v2\/media?parent=10853"}],"curies":[{"name":"wp","href":"https:\/\/api.w.org\/{rel}","templated":true}]}}