{"id":4247,"date":"2019-11-04T06:45:53","date_gmt":"2019-11-04T06:45:53","guid":{"rendered":"http:\/\/www.jlthinktank.com\/?page_id=4247"},"modified":"2026-03-17T12:02:55","modified_gmt":"2026-03-17T15:02:55","slug":"blog","status":"publish","type":"page","link":"https:\/\/www.jlthinktank.com\/en\/elements\/blog\/","title":{"rendered":"Blog"},"content":{"rendered":"<div data-elementor-type=\"wp-post\" data-elementor-id=\"4247\" class=\"elementor elementor-4247\">\n\t\t\t\t\t\t<section class=\"elementor-section elementor-top-section elementor-element elementor-element-4da24b9 elementor-section-boxed elementor-section-height-default elementor-section-height-default\" data-id=\"4da24b9\" data-element_type=\"section\" data-e-type=\"section\" data-settings=\"{&quot;background_background&quot;:&quot;classic&quot;}\">\n\t\t\t\t\t\t<div class=\"elementor-container elementor-column-gap-default\">\n\t\t\t\t\t<div class=\"elementor-column elementor-col-100 elementor-top-column elementor-element elementor-element-5d4058f\" data-id=\"5d4058f\" data-element_type=\"column\" data-e-type=\"column\">\n\t\t\t<div class=\"elementor-widget-wrap elementor-element-populated\">\n\t\t\t\t\t\t<div class=\"elementor-element elementor-element-55c4049 elementor-widget elementor-widget-elementskit-heading\" data-id=\"55c4049\" data-element_type=\"widget\" data-e-type=\"widget\" data-widget_type=\"elementskit-heading.default\">\n\t\t\t\t<div class=\"elementor-widget-container\">\n\t\t\t\t\t<div class=\"ekit-wid-con\" ><div class=\"ekit-heading elementskit-section-title-wraper text_center   ekit_heading_tablet-   ekit_heading_mobile-\"><h3 class=\"elementskit-section-subtitle\">\n\t\t\t\t\t\tBlog\n\t\t\t\t\t<\/h3><h2 class=\"ekit-heading--title elementskit-section-title\">De lo que s\u00ed hay que hablar<\/h2><\/div><\/div>\t\t\t\t<\/div>\n\t\t\t\t<\/div>\n\t\t\t\t<div class=\"elementor-element elementor-element-70bbc1b elementor-widget elementor-widget-elementskit-blog-posts\" data-id=\"70bbc1b\" data-element_type=\"widget\" data-e-type=\"widget\" data-widget_type=\"elementskit-blog-posts.default\">\n\t\t\t\t<div class=\"elementor-widget-container\">\n\t\t\t\t\t<div class=\"ekit-wid-con\" >        <div id=\"post-items--70bbc1b\" class=\"row post-items\">\n                    <div class=\"col-md-12\">\n\n                                    <div class=\"elementskit-blog-block-post\">\n                        <div class=\"row no-gutters\">\n                                                            <div class=\"col-md-6 order-1\">\n                                    <a href=\"https:\/\/www.jlthinktank.com\/en\/comunicacion-de-la-proteccion-de-datos-como-informar-sin-generar-miedo-ni-rechazo\/\" class=\"elementskit-entry-thumb\">\n                                        <img decoding=\"async\" src=\"https:\/\/www.jlthinktank.com\/wp-content\/uploads\/2025\/07\/collaborative-brainstorming-among-young-colleagues-SBI-328457422-1024x683.jpg\" alt=\"Comunicaci\u00f3n de la Protecci\u00f3n de Datos: c\u00f3mo informar sin generar miedo ni rechazo\">\n                                    <\/a><!-- .elementskit-entry-thumb END -->\n                                <\/div>\n                            \n                            <div class=\"col-md-6 order-2\">\n                                <div class=\"elementskit-post-body\">\n                                    <div class=\"elementskit-entry-header\">\n                                        \n                                                                                            \t\t\t\t\t\t\t\t\t\t\t<div class=\"post-meta-list\">\n\t\t\t\t\t\t\t\t\t\t\t\t\t\t\t\t\t\t\t\t\t\t\t\t<span class=\"meta-author\">\n\t\t\t\t\t\t\t\t\t\t\t\t\t\t\t\t\t\t\t\t\t<i aria-hidden=\"true\" class=\"icon icon-user\"><\/i>\t\t\t\t\t\t\t\t\t\t\t\t\t\t\t\t\t\t\t\t<a href=\"https:\/\/www.jlthinktank.com\/en\/author\/jorge\/\" class=\"author-name\">Jorge Lazo<\/a>\n\t\t\t\t\t\t\t\t\t<\/span>\n\t\t\t\t\t\t\t\t\t\t\t\t\t\t\t\t\t\t\t\t\t\t\t\t\t\t\t\t\t\t\t\t\t\t\t\t\t\t\t\t\t\t\t\t\t\t\t\t\t\t\t\t\t\t\t\t\t\t\t\t\t\t\t\t<span class=\"meta-date\">\n\t\t\t\t\t\t\t\t\t\t<i aria-hidden=\"true\" class=\"icon icon-calendar3\"><\/i>\t\t\t\t\t\t\t\t\t\t<span class=\"meta-date-text\">\n\t\t\t\t\t\t\t\t\t\t\t28 de July de 2025\t\t\t\t\t\t\t\t\t\t<\/span>\n\t\t\t\t\t\t\t\t\t<\/span>\n\t\t\t\t\t\t\t\t\t\t\t\t\t\t\t\t\t\t\t\t\t\t\t\t\t\t\t\t\t\t\t\t\t\t\t\t\t\t\t\t\t\t\t\t\t\t\t\t\t\t\t\t\t\t\t\t\t\t\t\t\t\t\t\t<span class=\"post-cat\">\n\t\t\t\t\t\t\t\t\t\t<i aria-hidden=\"true\" class=\"icon icon-folder\"><\/i>\t\t\t\t\t\t\t\t\t\t<a href=\"https:\/\/www.jlthinktank.com\/en\/category\/famlia\/educacion\/\" rel=\"category tag\">Education<\/a> | <a href=\"https:\/\/www.jlthinktank.com\/en\/category\/estudios-e-informes\/\" rel=\"category tag\">Studies and Reports<\/a> | <a href=\"https:\/\/www.jlthinktank.com\/en\/category\/ia-transformacion-tecnologica\/\" rel=\"category tag\">IA &amp; Transformaci\u00f3n Tecnol\u00f3gica<\/a> | <a href=\"https:\/\/www.jlthinktank.com\/en\/category\/ia-transformacion-tecnologica\/proteccion-de-datos\/\" rel=\"category tag\">Protecci\u00f3n de Datos<\/a>\t\t\t\t\t\t\t\t\t<\/span>\n\t\t\t\t\t\t\t\t\t\t\t\t\t\t\t\t\t\t\t\t\t\t\t\t\t\t\t\t\t<\/div>\n\t\t\t\t\t                                            \n                                            \n                                                                                            \t\t\t\t<h2 class=\"entry-title\">\n\t\t\t\t\t<a href=\"https:\/\/www.jlthinktank.com\/en\/comunicacion-de-la-proteccion-de-datos-como-informar-sin-generar-miedo-ni-rechazo\/\">\n\t\t\t\t\t\tComunicaci\u00f3n de la Protecci\u00f3n de Datos: c\u00f3mo informar sin generar miedo ni rechazo\t\t\t\t\t<\/a>\n\t\t\t\t<\/h2>\n\t\t\t                                                                                <\/div><!-- .elementskit-entry-header END -->\n\n                                                                            <div class=\"elementskit-post-footer\">\n                                                                                            <p>No basta con tener una pol\u00edtica de datos. Hay que saber contarla, ense\u00f1arla y vivirla. La protecci\u00f3n de&hellip;<\/p>\n                                                                                                                                <\/div><!-- .elementskit-post-footer END -->\n                                                                    <\/div><!-- .elementskit-post-body END -->\n                            <\/div>\n                        <\/div>\n                    <\/div><!-- .elementskit-blog-block-post .radius .gradient-bg END -->\n                \n            <\/div>\n                    <div class=\"col-md-12\">\n\n                                    <div class=\"elementskit-blog-block-post\">\n                        <div class=\"row no-gutters\">\n                                                            <div class=\"col-md-6 order-1\">\n                                    <a href=\"https:\/\/www.jlthinktank.com\/en\/comunicacion-de-la-ciberseguridad-en-el-ambito-cognitivo-de-la-organizacion\/\" class=\"elementskit-entry-thumb\">\n                                        <img decoding=\"async\" src=\"https:\/\/www.jlthinktank.com\/wp-content\/uploads\/2025\/07\/Diseno-sin-titulo-4-1024x681.png\" alt=\"Comunicaci\u00f3n de la ciberseguridad en el \u00e1mbito cognitivo de la organizaci\u00f3n\">\n                                    <\/a><!-- .elementskit-entry-thumb END -->\n                                <\/div>\n                            \n                            <div class=\"col-md-6 order-2\">\n                                <div class=\"elementskit-post-body\">\n                                    <div class=\"elementskit-entry-header\">\n                                        \n                                                                                            \t\t\t\t\t\t\t\t\t\t\t<div class=\"post-meta-list\">\n\t\t\t\t\t\t\t\t\t\t\t\t\t\t\t\t\t\t\t\t\t\t\t\t<span class=\"meta-author\">\n\t\t\t\t\t\t\t\t\t\t\t\t\t\t\t\t\t\t\t\t\t<i aria-hidden=\"true\" class=\"icon icon-user\"><\/i>\t\t\t\t\t\t\t\t\t\t\t\t\t\t\t\t\t\t\t\t<a href=\"https:\/\/www.jlthinktank.com\/en\/author\/jorge\/\" class=\"author-name\">Jorge Lazo<\/a>\n\t\t\t\t\t\t\t\t\t<\/span>\n\t\t\t\t\t\t\t\t\t\t\t\t\t\t\t\t\t\t\t\t\t\t\t\t\t\t\t\t\t\t\t\t\t\t\t\t\t\t\t\t\t\t\t\t\t\t\t\t\t\t\t\t\t\t\t\t\t\t\t\t\t\t\t\t<span class=\"meta-date\">\n\t\t\t\t\t\t\t\t\t\t<i aria-hidden=\"true\" class=\"icon icon-calendar3\"><\/i>\t\t\t\t\t\t\t\t\t\t<span class=\"meta-date-text\">\n\t\t\t\t\t\t\t\t\t\t\t14 de July de 2025\t\t\t\t\t\t\t\t\t\t<\/span>\n\t\t\t\t\t\t\t\t\t<\/span>\n\t\t\t\t\t\t\t\t\t\t\t\t\t\t\t\t\t\t\t\t\t\t\t\t\t\t\t\t\t\t\t\t\t\t\t\t\t\t\t\t\t\t\t\t\t\t\t\t\t\t\t\t\t\t\t\t\t\t\t\t\t\t\t\t<span class=\"post-cat\">\n\t\t\t\t\t\t\t\t\t\t<i aria-hidden=\"true\" class=\"icon icon-folder\"><\/i>\t\t\t\t\t\t\t\t\t\t<a href=\"https:\/\/www.jlthinktank.com\/en\/category\/ia-transformacion-tecnologica\/ciberseguridad\/\" rel=\"category tag\">Cybersecurity<\/a> | <a href=\"https:\/\/www.jlthinktank.com\/en\/category\/estudios-e-informes\/\" rel=\"category tag\">Studies and Reports<\/a> | <a href=\"https:\/\/www.jlthinktank.com\/en\/category\/geopolitica-de-recursos-e-industria\/geopolitica\/\" rel=\"category tag\">Geopolitics<\/a>\t\t\t\t\t\t\t\t\t<\/span>\n\t\t\t\t\t\t\t\t\t\t\t\t\t\t\t\t\t\t\t\t\t\t\t\t\t\t\t\t\t<\/div>\n\t\t\t\t\t                                            \n                                            \n                                                                                            \t\t\t\t<h2 class=\"entry-title\">\n\t\t\t\t\t<a href=\"https:\/\/www.jlthinktank.com\/en\/comunicacion-de-la-ciberseguridad-en-el-ambito-cognitivo-de-la-organizacion\/\">\n\t\t\t\t\t\tComunicaci\u00f3n de la ciberseguridad en el \u00e1mbito cognitivo de la organizaci\u00f3n\t\t\t\t\t<\/a>\n\t\t\t\t<\/h2>\n\t\t\t                                                                                <\/div><!-- .elementskit-entry-header END -->\n\n                                                                            <div class=\"elementskit-post-footer\">\n                                                                                            <p>En ciberseguridad, no basta con proteger la red. Tambi\u00e9n hay que proteger la mente.En tiempos de transformaci\u00f3n digital,&hellip;<\/p>\n                                                                                                                                <\/div><!-- .elementskit-post-footer END -->\n                                                                    <\/div><!-- .elementskit-post-body END -->\n                            <\/div>\n                        <\/div>\n                    <\/div><!-- .elementskit-blog-block-post .radius .gradient-bg END -->\n                \n            <\/div>\n                    <div class=\"col-md-12\">\n\n                                    <div class=\"elementskit-blog-block-post\">\n                        <div class=\"row no-gutters\">\n                                                            <div class=\"col-md-6 order-1\">\n                                    <a href=\"https:\/\/www.jlthinktank.com\/en\/privacidad-infantil-en-la-era-de-las-apps\/\" class=\"elementskit-entry-thumb\">\n                                        <img decoding=\"async\" src=\"https:\/\/www.jlthinktank.com\/wp-content\/uploads\/2025\/07\/passionate-teenage-female-gamer-losing-and-quiting-girl-gets-mad-after-losing-a-game-o-SBI-349547396-1024x576.jpg\" alt=\"Privacidad infantil en la era de las apps\">\n                                    <\/a><!-- .elementskit-entry-thumb END -->\n                                <\/div>\n                            \n                            <div class=\"col-md-6 order-2\">\n                                <div class=\"elementskit-post-body\">\n                                    <div class=\"elementskit-entry-header\">\n                                        \n                                                                                            \t\t\t\t\t\t\t\t\t\t\t<div class=\"post-meta-list\">\n\t\t\t\t\t\t\t\t\t\t\t\t\t\t\t\t\t\t\t\t\t\t\t\t<span class=\"meta-author\">\n\t\t\t\t\t\t\t\t\t\t\t\t\t\t\t\t\t\t\t\t\t<i aria-hidden=\"true\" class=\"icon icon-user\"><\/i>\t\t\t\t\t\t\t\t\t\t\t\t\t\t\t\t\t\t\t\t<a href=\"https:\/\/www.jlthinktank.com\/en\/author\/jorge\/\" class=\"author-name\">Jorge Lazo<\/a>\n\t\t\t\t\t\t\t\t\t<\/span>\n\t\t\t\t\t\t\t\t\t\t\t\t\t\t\t\t\t\t\t\t\t\t\t\t\t\t\t\t\t\t\t\t\t\t\t\t\t\t\t\t\t\t\t\t\t\t\t\t\t\t\t\t\t\t\t\t\t\t\t\t\t\t\t\t<span class=\"meta-date\">\n\t\t\t\t\t\t\t\t\t\t<i aria-hidden=\"true\" class=\"icon icon-calendar3\"><\/i>\t\t\t\t\t\t\t\t\t\t<span class=\"meta-date-text\">\n\t\t\t\t\t\t\t\t\t\t\t10 de July de 2025\t\t\t\t\t\t\t\t\t\t<\/span>\n\t\t\t\t\t\t\t\t\t<\/span>\n\t\t\t\t\t\t\t\t\t\t\t\t\t\t\t\t\t\t\t\t\t\t\t\t\t\t\t\t\t\t\t\t\t\t\t\t\t\t\t\t\t\t\t\t\t\t\t\t\t\t\t\t\t\t\t\t\t\t\t\t\t\t\t\t<span class=\"post-cat\">\n\t\t\t\t\t\t\t\t\t\t<i aria-hidden=\"true\" class=\"icon icon-folder\"><\/i>\t\t\t\t\t\t\t\t\t\t<a href=\"https:\/\/www.jlthinktank.com\/en\/category\/ia-transformacion-tecnologica\/ciberseguridad\/\" rel=\"category tag\">Cybersecurity<\/a> | <a href=\"https:\/\/www.jlthinktank.com\/en\/category\/estudios-e-informes\/\" rel=\"category tag\">Studies and Reports<\/a> | <a href=\"https:\/\/www.jlthinktank.com\/en\/category\/geopolitica-de-recursos-e-industria\/geopolitica\/\" rel=\"category tag\">Geopolitics<\/a>\t\t\t\t\t\t\t\t\t<\/span>\n\t\t\t\t\t\t\t\t\t\t\t\t\t\t\t\t\t\t\t\t\t\t\t\t\t\t\t\t\t<\/div>\n\t\t\t\t\t                                            \n                                            \n                                                                                            \t\t\t\t<h2 class=\"entry-title\">\n\t\t\t\t\t<a href=\"https:\/\/www.jlthinktank.com\/en\/privacidad-infantil-en-la-era-de-las-apps\/\">\n\t\t\t\t\t\tPrivacidad infantil en la era de las apps\t\t\t\t\t<\/a>\n\t\t\t\t<\/h2>\n\t\t\t                                                                                <\/div><!-- .elementskit-entry-header END -->\n\n                                                                            <div class=\"elementskit-post-footer\">\n                                                                                            <p>En el mundo actual, los videojuegos son parte esencial del entretenimiento infantil. Pero tras cada pantalla colorida, efectos&hellip;<\/p>\n                                                                                                                                <\/div><!-- .elementskit-post-footer END -->\n                                                                    <\/div><!-- .elementskit-post-body END -->\n                            <\/div>\n                        <\/div>\n                    <\/div><!-- .elementskit-blog-block-post .radius .gradient-bg END -->\n                \n            <\/div>\n                <\/div>\n       <\/div>\t\t\t\t<\/div>\n\t\t\t\t<\/div>\n\t\t\t\t\t<\/div>\n\t\t<\/div>\n\t\t\t\t\t<\/div>\n\t\t<\/section>\n\t\t\t\t<\/div>","protected":false},"excerpt":{"rendered":"<p>We Are here For Explore Solutions 25Jun Blo Finance Special benefit through Invest by your money Know More 25Jun Blo Finance Extra benefit through Invest by your money Know More 25Jun Blo Finance Benefit through Invest by your money Know More We Are here For Explore Solutions 25Jun Blo Finance Special benefit through Invest by [&hellip;]<\/p>\n","protected":false},"author":1,"featured_media":0,"parent":4174,"menu_order":0,"comment_status":"closed","ping_status":"closed","template":"template\/full-width-template.php","meta":{"footnotes":""},"class_list":["post-4247","page","type-page","status-publish","hentry"],"yoast_head":"<!-- This site is optimized with the Yoast SEO plugin v27.4 - https:\/\/yoast.com\/product\/yoast-seo-wordpress\/ -->\n<title>Blog - JL Think Tank<\/title>\n<meta name=\"robots\" content=\"index, follow, max-snippet:-1, max-image-preview:large, max-video-preview:-1\" \/>\n<link rel=\"canonical\" href=\"https:\/\/www.jlthinktank.com\/en\/elements\/blog\/\" \/>\n<meta property=\"og:locale\" content=\"en_US\" \/>\n<meta property=\"og:type\" content=\"article\" \/>\n<meta property=\"og:title\" content=\"Blog - JL Think Tank\" \/>\n<meta property=\"og:description\" content=\"We Are here For Explore Solutions 25Jun Blo Finance Special benefit through Invest by your money Know More 25Jun Blo Finance Extra benefit through Invest by your money Know More 25Jun Blo Finance Benefit through Invest by your money Know More We Are here For Explore Solutions 25Jun Blo Finance Special benefit through Invest by [&hellip;]\" \/>\n<meta property=\"og:url\" content=\"https:\/\/www.jlthinktank.com\/en\/elements\/blog\/\" \/>\n<meta property=\"og:site_name\" content=\"JL Think Tank\" \/>\n<meta property=\"article:modified_time\" content=\"2026-03-17T15:02:55+00:00\" \/>\n<meta property=\"og:image\" content=\"http:\/\/www.jlthinktank.com\/wp-content\/uploads\/2019\/06\/news_1.jpg\" \/>\n<meta name=\"twitter:card\" content=\"summary_large_image\" \/>\n<meta name=\"twitter:label1\" content=\"Est. reading time\" \/>\n\t<meta name=\"twitter:data1\" content=\"4 minutes\" \/>\n<script type=\"application\/ld+json\" class=\"yoast-schema-graph\">{\"@context\":\"https:\\\/\\\/schema.org\",\"@graph\":[{\"@type\":\"WebPage\",\"@id\":\"https:\\\/\\\/www.jlthinktank.com\\\/elements\\\/blog\\\/\",\"url\":\"https:\\\/\\\/www.jlthinktank.com\\\/elements\\\/blog\\\/\",\"name\":\"Blog - JL Think Tank\",\"isPartOf\":{\"@id\":\"https:\\\/\\\/www.jlthinktank.com\\\/#website\"},\"primaryImageOfPage\":{\"@id\":\"https:\\\/\\\/www.jlthinktank.com\\\/elements\\\/blog\\\/#primaryimage\"},\"image\":{\"@id\":\"https:\\\/\\\/www.jlthinktank.com\\\/elements\\\/blog\\\/#primaryimage\"},\"thumbnailUrl\":\"http:\\\/\\\/www.jlthinktank.com\\\/wp-content\\\/uploads\\\/2019\\\/06\\\/news_1.jpg\",\"datePublished\":\"2019-11-04T06:45:53+00:00\",\"dateModified\":\"2026-03-17T15:02:55+00:00\",\"breadcrumb\":{\"@id\":\"https:\\\/\\\/www.jlthinktank.com\\\/elements\\\/blog\\\/#breadcrumb\"},\"inLanguage\":\"en-US\",\"potentialAction\":[{\"@type\":\"ReadAction\",\"target\":[\"https:\\\/\\\/www.jlthinktank.com\\\/elements\\\/blog\\\/\"]}]},{\"@type\":\"ImageObject\",\"inLanguage\":\"en-US\",\"@id\":\"https:\\\/\\\/www.jlthinktank.com\\\/elements\\\/blog\\\/#primaryimage\",\"url\":\"http:\\\/\\\/www.jlthinktank.com\\\/wp-content\\\/uploads\\\/2019\\\/06\\\/news_1.jpg\",\"contentUrl\":\"http:\\\/\\\/www.jlthinktank.com\\\/wp-content\\\/uploads\\\/2019\\\/06\\\/news_1.jpg\"},{\"@type\":\"BreadcrumbList\",\"@id\":\"https:\\\/\\\/www.jlthinktank.com\\\/elements\\\/blog\\\/#breadcrumb\",\"itemListElement\":[{\"@type\":\"ListItem\",\"position\":1,\"name\":\"Portada\",\"item\":\"https:\\\/\\\/www.jlthinktank.com\\\/\"},{\"@type\":\"ListItem\",\"position\":2,\"name\":\"Elements\",\"item\":\"https:\\\/\\\/www.jlthinktank.com\\\/?page_id=4174\"},{\"@type\":\"ListItem\",\"position\":3,\"name\":\"Blog\"}]},{\"@type\":\"WebSite\",\"@id\":\"https:\\\/\\\/www.jlthinktank.com\\\/#website\",\"url\":\"https:\\\/\\\/www.jlthinktank.com\\\/\",\"name\":\"JL Think Tank\",\"description\":\"Centro de pensamiento\",\"potentialAction\":[{\"@type\":\"SearchAction\",\"target\":{\"@type\":\"EntryPoint\",\"urlTemplate\":\"https:\\\/\\\/www.jlthinktank.com\\\/?s={search_term_string}\"},\"query-input\":{\"@type\":\"PropertyValueSpecification\",\"valueRequired\":true,\"valueName\":\"search_term_string\"}}],\"inLanguage\":\"en-US\"}]}<\/script>\n<!-- \/ Yoast SEO plugin. -->","yoast_head_json":{"title":"Blog - JL Think Tank","robots":{"index":"index","follow":"follow","max-snippet":"max-snippet:-1","max-image-preview":"max-image-preview:large","max-video-preview":"max-video-preview:-1"},"canonical":"https:\/\/www.jlthinktank.com\/en\/elements\/blog\/","og_locale":"en_US","og_type":"article","og_title":"Blog - JL Think Tank","og_description":"We Are here For Explore Solutions 25Jun Blo Finance Special benefit through Invest by your money Know More 25Jun Blo Finance Extra benefit through Invest by your money Know More 25Jun Blo Finance Benefit through Invest by your money Know More We Are here For Explore Solutions 25Jun Blo Finance Special benefit through Invest by [&hellip;]","og_url":"https:\/\/www.jlthinktank.com\/en\/elements\/blog\/","og_site_name":"JL Think Tank","article_modified_time":"2026-03-17T15:02:55+00:00","og_image":[{"url":"http:\/\/www.jlthinktank.com\/wp-content\/uploads\/2019\/06\/news_1.jpg","type":"","width":"","height":""}],"twitter_card":"summary_large_image","twitter_misc":{"Est. reading time":"4 minutes"},"schema":{"@context":"https:\/\/schema.org","@graph":[{"@type":"WebPage","@id":"https:\/\/www.jlthinktank.com\/elements\/blog\/","url":"https:\/\/www.jlthinktank.com\/elements\/blog\/","name":"Blog - JL Think Tank","isPartOf":{"@id":"https:\/\/www.jlthinktank.com\/#website"},"primaryImageOfPage":{"@id":"https:\/\/www.jlthinktank.com\/elements\/blog\/#primaryimage"},"image":{"@id":"https:\/\/www.jlthinktank.com\/elements\/blog\/#primaryimage"},"thumbnailUrl":"http:\/\/www.jlthinktank.com\/wp-content\/uploads\/2019\/06\/news_1.jpg","datePublished":"2019-11-04T06:45:53+00:00","dateModified":"2026-03-17T15:02:55+00:00","breadcrumb":{"@id":"https:\/\/www.jlthinktank.com\/elements\/blog\/#breadcrumb"},"inLanguage":"en-US","potentialAction":[{"@type":"ReadAction","target":["https:\/\/www.jlthinktank.com\/elements\/blog\/"]}]},{"@type":"ImageObject","inLanguage":"en-US","@id":"https:\/\/www.jlthinktank.com\/elements\/blog\/#primaryimage","url":"http:\/\/www.jlthinktank.com\/wp-content\/uploads\/2019\/06\/news_1.jpg","contentUrl":"http:\/\/www.jlthinktank.com\/wp-content\/uploads\/2019\/06\/news_1.jpg"},{"@type":"BreadcrumbList","@id":"https:\/\/www.jlthinktank.com\/elements\/blog\/#breadcrumb","itemListElement":[{"@type":"ListItem","position":1,"name":"Portada","item":"https:\/\/www.jlthinktank.com\/"},{"@type":"ListItem","position":2,"name":"Elements","item":"https:\/\/www.jlthinktank.com\/?page_id=4174"},{"@type":"ListItem","position":3,"name":"Blog"}]},{"@type":"WebSite","@id":"https:\/\/www.jlthinktank.com\/#website","url":"https:\/\/www.jlthinktank.com\/","name":"JL Think Tank","description":"Centro de pensamiento","potentialAction":[{"@type":"SearchAction","target":{"@type":"EntryPoint","urlTemplate":"https:\/\/www.jlthinktank.com\/?s={search_term_string}"},"query-input":{"@type":"PropertyValueSpecification","valueRequired":true,"valueName":"search_term_string"}}],"inLanguage":"en-US"}]}},"_links":{"self":[{"href":"https:\/\/www.jlthinktank.com\/en\/wp-json\/wp\/v2\/pages\/4247","targetHints":{"allow":["GET"]}}],"collection":[{"href":"https:\/\/www.jlthinktank.com\/en\/wp-json\/wp\/v2\/pages"}],"about":[{"href":"https:\/\/www.jlthinktank.com\/en\/wp-json\/wp\/v2\/types\/page"}],"author":[{"embeddable":true,"href":"https:\/\/www.jlthinktank.com\/en\/wp-json\/wp\/v2\/users\/1"}],"replies":[{"embeddable":true,"href":"https:\/\/www.jlthinktank.com\/en\/wp-json\/wp\/v2\/comments?post=4247"}],"version-history":[{"count":5,"href":"https:\/\/www.jlthinktank.com\/en\/wp-json\/wp\/v2\/pages\/4247\/revisions"}],"predecessor-version":[{"id":10974,"href":"https:\/\/www.jlthinktank.com\/en\/wp-json\/wp\/v2\/pages\/4247\/revisions\/10974"}],"up":[{"embeddable":true,"href":"https:\/\/www.jlthinktank.com\/en\/wp-json\/wp\/v2\/pages\/4174"}],"wp:attachment":[{"href":"https:\/\/www.jlthinktank.com\/en\/wp-json\/wp\/v2\/media?parent=4247"}],"curies":[{"name":"wp","href":"https:\/\/api.w.org\/{rel}","templated":true}]}}