{"id":2000,"date":"2019-07-09T07:05:43","date_gmt":"2019-07-09T07:05:43","guid":{"rendered":"http:\/\/www.jlthinktank.com\/?page_id=2000"},"modified":"2026-03-10T12:06:13","modified_gmt":"2026-03-10T15:06:13","slug":"contacto-jlthinktank","status":"publish","type":"page","link":"https:\/\/www.jlthinktank.com\/en\/contacto-jlthinktank\/","title":{"rendered":"Contacto JL TT"},"content":{"rendered":"\t\t<div data-elementor-type=\"wp-post\" data-elementor-id=\"2000\" class=\"elementor elementor-2000\">\n\t\t\t\t\t\t<section class=\"elementor-section elementor-top-section elementor-element elementor-element-d9a3f48 elementor-section-boxed elementor-section-height-default elementor-section-height-default\" data-id=\"d9a3f48\" data-element_type=\"section\" data-e-type=\"section\">\n\t\t\t\t\t\t<div class=\"elementor-container elementor-column-gap-default\">\n\t\t\t\t\t<div class=\"elementor-column elementor-col-50 elementor-top-column elementor-element elementor-element-388324b\" data-id=\"388324b\" data-element_type=\"column\" data-e-type=\"column\">\n\t\t\t<div class=\"elementor-widget-wrap elementor-element-populated\">\n\t\t\t\t\t\t<div class=\"elementor-element elementor-element-f64f403 elementor-widget elementor-widget-link-in-bio\" data-id=\"f64f403\" data-element_type=\"widget\" data-e-type=\"widget\" data-widget_type=\"link-in-bio.default\">\n\t\t\t\t<div class=\"elementor-widget-container\">\n\t\t\t\t\t\t\t<div class=\"e-link-in-bio e-link-in-bio\">\n\t\t\t<div class=\"e-link-in-bio__content\">\n\n\t\t\t\t\t\t<div class=\"e-link-in-bio__identity\">\n\t\t\t\t\t\t\t\t\t<div class=\"e-link-in-bio__identity-image e-link-in-bio__identity-image-profile has-style-circle\">\n\t\t\t\t\t\t\t<img fetchpriority=\"high\" decoding=\"async\" width=\"300\" height=\"225\" src=\"https:\/\/www.jlthinktank.com\/wp-content\/uploads\/2026\/02\/Diseno-sin-titulo-300x225.png\" class=\"e-link-in-bio__identity-image-element\" alt=\"\" srcset=\"https:\/\/www.jlthinktank.com\/wp-content\/uploads\/2026\/02\/Diseno-sin-titulo-300x225.png 300w, https:\/\/www.jlthinktank.com\/wp-content\/uploads\/2026\/02\/Diseno-sin-titulo-1024x768.png 1024w, https:\/\/www.jlthinktank.com\/wp-content\/uploads\/2026\/02\/Diseno-sin-titulo-768x576.png 768w, https:\/\/www.jlthinktank.com\/wp-content\/uploads\/2026\/02\/Diseno-sin-titulo-1536x1152.png 1536w, https:\/\/www.jlthinktank.com\/wp-content\/uploads\/2026\/02\/Diseno-sin-titulo-2048x1536.png 2048w, https:\/\/www.jlthinktank.com\/wp-content\/uploads\/2026\/02\/Diseno-sin-titulo-16x12.png 16w, https:\/\/www.jlthinktank.com\/wp-content\/uploads\/2026\/02\/Diseno-sin-titulo-600x450.png 600w\" sizes=\"(max-width: 300px) 100vw, 300px\" \/>\t\t\t\t\t\t\t\t\t\t\t\t\t<\/div>\n\t\t\t\t\t\t\t<\/div>\n\t\t\t\t\t<div class=\"e-link-in-bio__bio\">\n\t\t\t\t<h2 class=\"e-link-in-bio__heading\">Jorge Lazo<\/h2>\t\t\t\t<h3 class=\"e-link-in-bio__title\">Ingeniero y Polit\u00f3logo<\/h3>\t\t\t\t\t\t\t\t<p class=\"e-link-in-bio__description\">jorge.lazo@jlthinktank.com<\/p>\t\t\t<\/div>\n\t\t\t\t\t<div class=\"e-link-in-bio__icons has-size-small\">\n\t\t\t\t\t\t\t<div class=\"e-link-in-bio__icon is-size-small\">\n\t\t\t\t\t<a aria-label=\"Email\" class=\"e-link-in-bio__icon-link\" href=\"mailto:jorge.lazo@jlthinktank.com\">\n\t\t\t\t\t\t<span class=\"e-link-in-bio__icon-svg\">\n\t\t\t\t\t\t\t<i aria-hidden=\"true\" class=\"fas fa-envelope\"><\/i>\t\t\t\t\t\t<\/span>\n\t\t\t\t\t\t\t\t\t\t\t<\/a>\n\t\t\t\t<\/div>\n\t\t\t\t\t<\/div>\n\t\t\n\t\t<div class=\"e-link-in-bio__ctas has-type-button\">\n\t\t\t\t\t\t\t<a href=\"https:\/\/wa.me\/56951785669\" target=\"_blank\" rel=\"noopener \" class=\"e-link-in-bio__cta is-type-button has-corners-rounded\">\n\t\t\t\t\t\t\t\t\t\t<span class=\"e-link-in-bio__cta-text\">\n\t\t\t\t\t\tWhatsapp\t\t\t\t\t<\/span>\n\t\t\t\t<\/a>\n\t\t\t\t\t\t\t<a href=\"https:\/\/www.instagram.com\/jl_thinktank\/\" target=\"_blank\" rel=\"noopener \" class=\"e-link-in-bio__cta is-type-button has-corners-rounded\">\n\t\t\t\t\t\t\t\t\t\t<span class=\"e-link-in-bio__cta-text\">\n\t\t\t\t\t\tInstagram\t\t\t\t\t<\/span>\n\t\t\t\t<\/a>\n\t\t\t\t\t\t\t<a href=\"https:\/\/www.linkedin.com\/in\/jorgeandr%C3%A9slazov\/\" target=\"_blank\" rel=\"noopener \" class=\"e-link-in-bio__cta is-type-button has-corners-rounded\">\n\t\t\t\t\t\t\t\t\t\t<span class=\"e-link-in-bio__cta-text\">\n\t\t\t\t\t\tLinkedIn\t\t\t\t\t<\/span>\n\t\t\t\t<\/a>\n\t\t\t\t\t<\/div>\n\t\t\n\t\t\t<\/div>\n\t\t\t<div class=\"e-link-in-bio__bg\">\n\t\t\t\t<div class=\"e-link-in-bio__bg-overlay\"><\/div>\n\t\t\t<\/div>\n\t\t<\/div>\n\t\t\t\t\t\t<\/div>\n\t\t\t\t<\/div>\n\t\t\t\t\t<\/div>\n\t\t<\/div>\n\t\t\t\t<div class=\"elementor-column elementor-col-50 elementor-top-column elementor-element elementor-element-d7d8dd3\" data-id=\"d7d8dd3\" data-element_type=\"column\" data-e-type=\"column\">\n\t\t\t<div class=\"elementor-widget-wrap elementor-element-populated\">\n\t\t\t\t\t\t<section class=\"elementor-section elementor-inner-section elementor-element elementor-element-27f0 elementor-section-boxed elementor-section-height-default elementor-section-height-default\" data-id=\"27f0\" data-element_type=\"section\" data-e-type=\"section\">\n\t\t\t\t\t\t<div class=\"elementor-container elementor-column-gap-default\">\n\t\t\t\t\t<div class=\"elementor-column elementor-col-100 elementor-inner-column elementor-element elementor-element-23a2\" data-id=\"23a2\" data-element_type=\"column\" data-e-type=\"column\">\n\t\t\t<div class=\"elementor-widget-wrap elementor-element-populated\">\n\t\t\t\t\t\t<div class=\"elementor-element elementor-element-1784 elementor-widget elementor-widget-elementskit-heading\" data-id=\"1784\" data-element_type=\"widget\" data-e-type=\"widget\" data-widget_type=\"elementskit-heading.default\">\n\t\t\t\t<div class=\"elementor-widget-container\">\n\t\t\t\t\t<div class=\"ekit-wid-con\" ><div class=\"ekit-heading elementskit-section-title-wraper text_center   ekit_heading_tablet-   ekit_heading_mobile-\"><h3 class=\"elementskit-section-subtitle  \">\n\t\t\t\t\t\tNewsletter JL Think Tank\n\t\t\t\t\t<\/h3><h2 class=\"ekit-heading--title elementskit-section-title \">Suscr\u00edbete para estar informado de las \u00faltimas novedades<\/h2><\/div><\/div>\t\t\t\t<\/div>\n\t\t\t\t<\/div>\n\t\t\t\t<div class=\"elementor-element elementor-element-67a47eb elementor-widget elementor-widget-metform\" data-id=\"67a47eb\" data-element_type=\"widget\" data-e-type=\"widget\" data-widget_type=\"metform.default\">\n\t\t\t\t<div class=\"elementor-widget-container\">\n\t\t\t\t\t<div id=\"mf-response-props-id-10068\" data-previous-steps-style=\"\" data-editswitchopen=\"\" data-response_type=\"alert\" data-erroricon=\"fas fa-exclamation-triangle\" data-successicon=\"fas fa-check\" data-messageposition=\"top\" class=\"   mf-scroll-top-no\">\n\t\t<div class=\"formpicker_warper formpicker_warper_editable\" data-metform-formpicker-key=\"10068\" >\n\t\t\t\t\n\t\t\t<div class=\"mf-widget-container\">\n\t\t\t\t\r\n\t\t<div\r\n\t\t\tid=\"metform-wrap-67a47eb-10068\"\r\n\t\t\tclass=\"mf-form-wrapper\"\r\n\t\t\tdata-form-id=\"10068\"\r\n\t\t\tdata-action=\"https:\/\/www.jlthinktank.com\/en\/wp-json\/metform\/v1\/entries\/insert\/10068\"\r\n\t\t\tdata-wp-nonce=\"c16647e324\"\r\n\t\t\tdata-form-nonce=\"6ce09e1c25\"\r\n\t\t\tdata-quiz-summery = \"false\"\r\n\t\t\tdata-save-progress = \"false\"\r\n\t\t\tdata-form-type=\"general-form\"\r\n\t\t\tdata-stop-vertical-effect=\"\"\r\n\t\t\t><\/div>\r\n\r\n\r\n\t\t<!----------------------------- \r\n\t\t\t* controls_data : find the the props passed indie of data attribute\r\n\t\t\t* props.SubmitResponseMarkup : contains the markup of error or success message\r\n\t\t\t* https:\/\/developer.mozilla.org\/en-US\/docs\/Web\/JavaScript\/Reference\/Template_literals\r\n\t\t--------------------------- -->\r\n\r\n\t\t\t\t<script type=\"text\/mf\" class=\"mf-template\">\r\n\t\t\tfunction controls_data (value){\r\n\t\t\t\tlet currentWrapper = \"mf-response-props-id-10068\";\r\n\t\t\t\tlet currentEl = document.getElementById(currentWrapper);\r\n\t\t\t\t\r\n\t\t\t\treturn currentEl ? currentEl.dataset[value] : false\r\n\t\t\t}\r\n\r\n\r\n\t\t\tlet is_edit_mode = '' ? true : false;\r\n\t\t\tlet message_position = controls_data('messageposition') || 'top';\r\n\r\n\t\t\t\r\n\t\t\tlet message_successIcon = controls_data('successicon') || '';\r\n\t\t\tlet message_errorIcon = controls_data('erroricon') || '';\r\n\t\t\tlet message_editSwitch = controls_data('editswitchopen') === 'yes' ? true : false;\r\n\t\t\tlet message_proClass = controls_data('editswitchopen') === 'yes' ? 'mf_pro_activated' : '';\r\n\t\t\t\r\n\t\t\tlet is_dummy_markup = is_edit_mode && message_editSwitch ? true : false;\r\n\r\n\t\t\t\r\n\t\t\treturn html`\r\n\t\t\t\t<form\r\n\t\t\t\t\tclassName=\"metform-form-content\"\r\n\t\t\t\t\tref=${parent.formContainerRef}\r\n\t\t\t\t\tonSubmit=${ validation.handleSubmit( parent.handleFormSubmit ) }\r\n\t\t\t\t\r\n\t\t\t\t\t>\r\n\t\t\t\r\n\t\t\t\r\n\t\t\t\t\t${is_dummy_markup ? message_position === 'top' ?  props.ResponseDummyMarkup(message_successIcon, message_proClass) : '' : ''}\r\n\t\t\t\t\t${is_dummy_markup ? ' ' :  message_position === 'top' ? props.SubmitResponseMarkup`${parent}${state}${message_successIcon}${message_errorIcon}${message_proClass}` : ''}\r\n\r\n\t\t\t\t\t<!--------------------------------------------------------\r\n\t\t\t\t\t*** IMPORTANT \/ DANGEROUS ***\r\n\t\t\t\t\t${html``} must be used as in immediate child of \"metform-form-main-wrapper\"\r\n\t\t\t\t\tclass otherwise multistep form will not run at all\r\n\t\t\t\t\t---------------------------------------------------------->\r\n\r\n\t\t\t\t\t<div className=\"metform-form-main-wrapper\" key=${'hide-form-after-submit'} ref=${parent.formRef}>\r\n\t\t\t\t\t${html`\r\n\t\t\t\t\t\t\t\t<div data-elementor-type=\"wp-post\" key=\"2\" data-elementor-id=\"10068\" className=\"elementor elementor-10068\">\n\t\t\t\t\t\t<section className=\"elementor-section elementor-top-section elementor-element elementor-element-1c379b8 elementor-section-full_width elementor-section-height-default elementor-section-height-default\" data-id=\"1c379b8\" data-element_type=\"section\" data-e-type=\"section\" data-settings=\"{&quot;background_background&quot;:&quot;gradient&quot;}\">\n\t\t\t\t\t\t<div className=\"elementor-container elementor-column-gap-default\">\n\t\t\t\t\t<div className=\"elementor-column elementor-col-50 elementor-top-column elementor-element elementor-element-fc74775\" data-id=\"fc74775\" data-element_type=\"column\" data-e-type=\"column\">\n\t\t\t<div className=\"elementor-widget-wrap elementor-element-populated\">\n\t\t\t\t\t\t<div className=\"elementor-element elementor-element-25e3f32 elementor-widget elementor-widget-mf-email\" data-id=\"25e3f32\" data-element_type=\"widget\" data-e-type=\"widget\" data-settings=\"{&quot;mf_input_name&quot;:&quot;mf-email&quot;}\" data-widget_type=\"mf-email.default\">\n\t\t\t\t<div className=\"elementor-widget-container\">\n\t\t\t\t\t\r\n\t\t<div className=\"mf-input-wrapper\">\r\n\t\t\t\t\t\t\t<label className=\"mf-input-label\" htmlFor=\"mf-input-email-25e3f32\">\r\n\t\t\t\t\t${ parent.decodeEntities(`Correo`) } \t\t\t\t\t<span className=\"mf-input-required-indicator\"><\/span>\r\n\t\t\t\t<\/label>\r\n\t\t\t\r\n\t\t\t<input \r\n\t\t\t\ttype=\"email\" \r\n\t\t\t\t \r\n\t\t\t\tdefaultValue=\"\" \r\n\t\t\t\tclassName=\"mf-input \" \r\n\t\t\t\tid=\"mf-input-email-25e3f32\" \r\n\t\t\t\tname=\"mf-email\" \r\n\t\t\t\tplaceholder=\"${ parent.decodeEntities(`Email`) } \" \r\n\t\t\t\t \r\n\t\t\t\tonBlur=${parent.handleChange} onFocus=${parent.handleChange} aria-invalid=${validation.errors['mf-email'] ? 'true' : 'false' } \r\n\t\t\t\tref=${el=> parent.activateValidation({\"message\":\"This field is required.\",\"emailMessage\":\"Please enter a valid Email address\",\"minLength\":1,\"maxLength\":\"\",\"type\":\"none\",\"required\":false,\"expression\":\"null\"}, el)}\r\n\t\t\t\t\t\t\t\/>\r\n\r\n\t\t\t\t\t\t<${validation.ErrorMessage} \r\n\t\t\t\terrors=${validation.errors} \r\n\t\t\t\tname=\"mf-email\" \r\n\t\t\t\tas=${html`<span className=\"mf-error-message\"><\/span>`}\r\n\t\t\t\/>\r\n\t\t\t\r\n\t\t\t\t\t<\/div>\r\n\r\n\t\t\t\t<\/div>\n\t\t\t\t<\/div>\n\t\t\t\t\t<\/div>\n\t\t<\/div>\n\t\t\t\t<div className=\"elementor-column elementor-col-50 elementor-top-column elementor-element elementor-element-4efc198\" data-id=\"4efc198\" data-element_type=\"column\" data-e-type=\"column\">\n\t\t\t<div className=\"elementor-widget-wrap elementor-element-populated\">\n\t\t\t\t\t\t<div className=\"elementor-element elementor-element-5fd7367 mf-btn--center elementor-widget elementor-widget-mf-button\" data-id=\"5fd7367\" data-element_type=\"widget\" data-e-type=\"widget\" data-widget_type=\"mf-button.default\">\n\t\t\t\t<div className=\"elementor-widget-container\">\n\t\t\t\t\t\t\t<div className=\"mf-btn-wraper \" data-mf-form-conditional-logic-requirement=\"\">\r\n\t\t\t\t\t\t\t<button type=\"submit\" className=\"metform-btn metform-submit-btn \" id=\"\">\r\n\t\t\t\t\t<span>${ parent.decodeEntities(`suscribirse`) } <\/span>\r\n\t\t\t\t<\/button>\r\n\t\t\t        <\/div>\r\n        \t\t\t\t<\/div>\n\t\t\t\t<\/div>\n\t\t\t\t\t<\/div>\n\t\t<\/div>\n\t\t\t\t\t<\/div>\n\t\t<\/section>\n\t\t\t\t<section className=\"elementor-section elementor-top-section elementor-element elementor-element-3e17458 elementor-section-boxed elementor-section-height-default elementor-section-height-default\" data-id=\"3e17458\" data-element_type=\"section\" data-e-type=\"section\">\n\t\t\t\t\t\t<div className=\"elementor-container elementor-column-gap-default\">\n\t\t\t\t\t<div className=\"elementor-column elementor-col-100 elementor-top-column elementor-element elementor-element-aaabb07\" data-id=\"aaabb07\" data-element_type=\"column\" data-e-type=\"column\">\n\t\t\t<div className=\"elementor-widget-wrap\">\n\t\t\t\t\t\t\t<\/div>\n\t\t<\/div>\n\t\t\t\t\t<\/div>\n\t\t<\/section>\n\t\t\t\t<\/div>\n\t\t\t\t\t\t\t`}\r\n\t\t\t\t\t<\/div>\r\n\r\n\t\t\t\t\t${is_dummy_markup ? message_position === 'bottom' ? props.ResponseDummyMarkup(message_successIcon, message_proClass) : '' : ''}\r\n\t\t\t\t\t${is_dummy_markup ? ' ' : message_position === 'bottom' ? props.SubmitResponseMarkup`${parent}${state}${message_successIcon}${message_errorIcon}${message_proClass}` : ''}\r\n\t\t\t\t\r\n\t\t\t\t<\/form>\r\n\t\t\t`\r\n\t\t<\/script>\r\n\r\n\t\t\t\t\t<\/div>\n\t\t<\/div>\n\t\t<\/div>\t\t\t\t<\/div>\n\t\t\t\t<\/div>\n\t\t\t\t\t<\/div>\n\t\t<\/div>\n\t\t\t\t\t<\/div>\n\t\t<\/section>\n\t\t\t\t\t<\/div>\n\t\t<\/div>\n\t\t\t\t\t<\/div>\n\t\t<\/section>\n\t\t\t\t<\/div>\n\t\t","protected":false},"excerpt":{"rendered":"<p>Jorge Lazo Ingeniero y Polit\u00f3logo jorge.lazo@jlthinktank.com Whatsapp Instagram LinkedIn Newsletter JL Think Tank Suscr\u00edbete para estar informado de las \u00faltimas novedades<\/p>","protected":false},"author":1,"featured_media":0,"parent":0,"menu_order":0,"comment_status":"closed","ping_status":"closed","template":"template\/full-width-template.php","meta":{"footnotes":""},"class_list":["post-2000","page","type-page","status-publish","hentry"],"yoast_head":"<!-- This site is optimized with the Yoast SEO plugin v27.5 - https:\/\/yoast.com\/product\/yoast-seo-wordpress\/ -->\n<title>Contacto JL TT - JL Think Tank<\/title>\n<meta name=\"description\" content=\"Suscr\u00edbete para estar al tanto de nuestras noticias y novedades\" \/>\n<meta name=\"robots\" content=\"index, follow, max-snippet:-1, max-image-preview:large, max-video-preview:-1\" \/>\n<link rel=\"canonical\" href=\"https:\/\/www.jlthinktank.com\/en\/contacto-jlthinktank\/\" \/>\n<meta property=\"og:locale\" content=\"en_US\" \/>\n<meta property=\"og:type\" content=\"article\" \/>\n<meta property=\"og:title\" content=\"Contacto JL TT - JL Think Tank\" \/>\n<meta property=\"og:description\" content=\"Suscr\u00edbete para estar al tanto de nuestras noticias y novedades\" \/>\n<meta property=\"og:url\" content=\"https:\/\/www.jlthinktank.com\/en\/contacto-jlthinktank\/\" \/>\n<meta property=\"og:site_name\" content=\"JL Think Tank\" \/>\n<meta property=\"article:modified_time\" content=\"2026-03-10T15:06:13+00:00\" \/>\n<meta property=\"og:image\" content=\"https:\/\/www.jlthinktank.com\/wp-content\/uploads\/2026\/02\/Diseno-sin-titulo-300x225.png\" \/>\n<meta name=\"twitter:card\" content=\"summary_large_image\" \/>\n<meta name=\"twitter:label1\" content=\"Est. reading time\" \/>\n\t<meta name=\"twitter:data1\" content=\"1 minute\" \/>\n<script type=\"application\/ld+json\" class=\"yoast-schema-graph\">{\"@context\":\"https:\\\/\\\/schema.org\",\"@graph\":[{\"@type\":\"WebPage\",\"@id\":\"https:\\\/\\\/www.jlthinktank.com\\\/contacto-jlthinktank\\\/\",\"url\":\"https:\\\/\\\/www.jlthinktank.com\\\/contacto-jlthinktank\\\/\",\"name\":\"Contacto JL TT - JL Think Tank\",\"isPartOf\":{\"@id\":\"https:\\\/\\\/www.jlthinktank.com\\\/#website\"},\"primaryImageOfPage\":{\"@id\":\"https:\\\/\\\/www.jlthinktank.com\\\/contacto-jlthinktank\\\/#primaryimage\"},\"image\":{\"@id\":\"https:\\\/\\\/www.jlthinktank.com\\\/contacto-jlthinktank\\\/#primaryimage\"},\"thumbnailUrl\":\"https:\\\/\\\/www.jlthinktank.com\\\/wp-content\\\/uploads\\\/2026\\\/02\\\/Diseno-sin-titulo-300x225.png\",\"datePublished\":\"2019-07-09T07:05:43+00:00\",\"dateModified\":\"2026-03-10T15:06:13+00:00\",\"description\":\"Suscr\u00edbete para estar al tanto de nuestras noticias y novedades\",\"breadcrumb\":{\"@id\":\"https:\\\/\\\/www.jlthinktank.com\\\/contacto-jlthinktank\\\/#breadcrumb\"},\"inLanguage\":\"en-US\",\"potentialAction\":[{\"@type\":\"ReadAction\",\"target\":[\"https:\\\/\\\/www.jlthinktank.com\\\/contacto-jlthinktank\\\/\"]}]},{\"@type\":\"ImageObject\",\"inLanguage\":\"en-US\",\"@id\":\"https:\\\/\\\/www.jlthinktank.com\\\/contacto-jlthinktank\\\/#primaryimage\",\"url\":\"https:\\\/\\\/www.jlthinktank.com\\\/wp-content\\\/uploads\\\/2026\\\/02\\\/Diseno-sin-titulo-300x225.png\",\"contentUrl\":\"https:\\\/\\\/www.jlthinktank.com\\\/wp-content\\\/uploads\\\/2026\\\/02\\\/Diseno-sin-titulo-300x225.png\"},{\"@type\":\"BreadcrumbList\",\"@id\":\"https:\\\/\\\/www.jlthinktank.com\\\/contacto-jlthinktank\\\/#breadcrumb\",\"itemListElement\":[{\"@type\":\"ListItem\",\"position\":1,\"name\":\"Portada\",\"item\":\"https:\\\/\\\/www.jlthinktank.com\\\/\"},{\"@type\":\"ListItem\",\"position\":2,\"name\":\"Contacto JL TT\"}]},{\"@type\":\"WebSite\",\"@id\":\"https:\\\/\\\/www.jlthinktank.com\\\/#website\",\"url\":\"https:\\\/\\\/www.jlthinktank.com\\\/\",\"name\":\"JL Think Tank\",\"description\":\"Centro de pensamiento\",\"potentialAction\":[{\"@type\":\"SearchAction\",\"target\":{\"@type\":\"EntryPoint\",\"urlTemplate\":\"https:\\\/\\\/www.jlthinktank.com\\\/?s={search_term_string}\"},\"query-input\":{\"@type\":\"PropertyValueSpecification\",\"valueRequired\":true,\"valueName\":\"search_term_string\"}}],\"inLanguage\":\"en-US\"}]}<\/script>\n<!-- \/ Yoast SEO plugin. -->","yoast_head_json":{"title":"Contacto JL TT - JL Think Tank","description":"Suscr\u00edbete para estar al tanto de nuestras noticias y novedades","robots":{"index":"index","follow":"follow","max-snippet":"max-snippet:-1","max-image-preview":"max-image-preview:large","max-video-preview":"max-video-preview:-1"},"canonical":"https:\/\/www.jlthinktank.com\/en\/contacto-jlthinktank\/","og_locale":"en_US","og_type":"article","og_title":"Contacto JL TT - JL Think Tank","og_description":"Suscr\u00edbete para estar al tanto de nuestras noticias y novedades","og_url":"https:\/\/www.jlthinktank.com\/en\/contacto-jlthinktank\/","og_site_name":"JL Think Tank","article_modified_time":"2026-03-10T15:06:13+00:00","og_image":[{"url":"https:\/\/www.jlthinktank.com\/wp-content\/uploads\/2026\/02\/Diseno-sin-titulo-300x225.png","type":"","width":"","height":""}],"twitter_card":"summary_large_image","twitter_misc":{"Est. reading time":"1 minute"},"schema":{"@context":"https:\/\/schema.org","@graph":[{"@type":"WebPage","@id":"https:\/\/www.jlthinktank.com\/contacto-jlthinktank\/","url":"https:\/\/www.jlthinktank.com\/contacto-jlthinktank\/","name":"Contacto JL TT - JL Think Tank","isPartOf":{"@id":"https:\/\/www.jlthinktank.com\/#website"},"primaryImageOfPage":{"@id":"https:\/\/www.jlthinktank.com\/contacto-jlthinktank\/#primaryimage"},"image":{"@id":"https:\/\/www.jlthinktank.com\/contacto-jlthinktank\/#primaryimage"},"thumbnailUrl":"https:\/\/www.jlthinktank.com\/wp-content\/uploads\/2026\/02\/Diseno-sin-titulo-300x225.png","datePublished":"2019-07-09T07:05:43+00:00","dateModified":"2026-03-10T15:06:13+00:00","description":"Suscr\u00edbete para estar al tanto de nuestras noticias y novedades","breadcrumb":{"@id":"https:\/\/www.jlthinktank.com\/contacto-jlthinktank\/#breadcrumb"},"inLanguage":"en-US","potentialAction":[{"@type":"ReadAction","target":["https:\/\/www.jlthinktank.com\/contacto-jlthinktank\/"]}]},{"@type":"ImageObject","inLanguage":"en-US","@id":"https:\/\/www.jlthinktank.com\/contacto-jlthinktank\/#primaryimage","url":"https:\/\/www.jlthinktank.com\/wp-content\/uploads\/2026\/02\/Diseno-sin-titulo-300x225.png","contentUrl":"https:\/\/www.jlthinktank.com\/wp-content\/uploads\/2026\/02\/Diseno-sin-titulo-300x225.png"},{"@type":"BreadcrumbList","@id":"https:\/\/www.jlthinktank.com\/contacto-jlthinktank\/#breadcrumb","itemListElement":[{"@type":"ListItem","position":1,"name":"Portada","item":"https:\/\/www.jlthinktank.com\/"},{"@type":"ListItem","position":2,"name":"Contacto JL TT"}]},{"@type":"WebSite","@id":"https:\/\/www.jlthinktank.com\/#website","url":"https:\/\/www.jlthinktank.com\/","name":"JL Think Tank","description":"Centro de pensamiento","potentialAction":[{"@type":"SearchAction","target":{"@type":"EntryPoint","urlTemplate":"https:\/\/www.jlthinktank.com\/?s={search_term_string}"},"query-input":{"@type":"PropertyValueSpecification","valueRequired":true,"valueName":"search_term_string"}}],"inLanguage":"en-US"}]}},"_links":{"self":[{"href":"https:\/\/www.jlthinktank.com\/en\/wp-json\/wp\/v2\/pages\/2000","targetHints":{"allow":["GET"]}}],"collection":[{"href":"https:\/\/www.jlthinktank.com\/en\/wp-json\/wp\/v2\/pages"}],"about":[{"href":"https:\/\/www.jlthinktank.com\/en\/wp-json\/wp\/v2\/types\/page"}],"author":[{"embeddable":true,"href":"https:\/\/www.jlthinktank.com\/en\/wp-json\/wp\/v2\/users\/1"}],"replies":[{"embeddable":true,"href":"https:\/\/www.jlthinktank.com\/en\/wp-json\/wp\/v2\/comments?post=2000"}],"version-history":[{"count":20,"href":"https:\/\/www.jlthinktank.com\/en\/wp-json\/wp\/v2\/pages\/2000\/revisions"}],"predecessor-version":[{"id":10946,"href":"https:\/\/www.jlthinktank.com\/en\/wp-json\/wp\/v2\/pages\/2000\/revisions\/10946"}],"wp:attachment":[{"href":"https:\/\/www.jlthinktank.com\/en\/wp-json\/wp\/v2\/media?parent=2000"}],"curies":[{"name":"wp","href":"https:\/\/api.w.org\/{rel}","templated":true}]}}