{"id":10416,"date":"2025-09-22T15:43:14","date_gmt":"2025-09-22T18:43:14","guid":{"rendered":"https:\/\/www.jlthinktank.com\/?page_id=10416"},"modified":"2026-02-28T16:26:48","modified_gmt":"2026-02-28T19:26:48","slug":"transformacion-tecnologica","status":"publish","type":"page","link":"https:\/\/www.jlthinktank.com\/en\/transformacion-tecnologica\/","title":{"rendered":"Transformaci\u00f3n Tecnol\u00f3gica"},"content":{"rendered":"<div data-elementor-type=\"wp-page\" data-elementor-id=\"10416\" class=\"elementor elementor-10416\">\n\t\t\t\t\t\t<section class=\"elementor-section elementor-top-section elementor-element elementor-element-26e430a elementor-section-content-middle elementor-section-stretched elementor-section-boxed elementor-section-height-default elementor-section-height-default\" data-id=\"26e430a\" data-element_type=\"section\" data-e-type=\"section\" data-settings=\"{&quot;background_background&quot;:&quot;classic&quot;,&quot;stretch_section&quot;:&quot;section-stretched&quot;}\">\n\t\t\t\t\t\t\t<div class=\"elementor-background-overlay\"><\/div>\n\t\t\t\t\t\t\t<div class=\"elementor-container elementor-column-gap-no\">\n\t\t\t\t\t<div class=\"elementor-column elementor-col-100 elementor-top-column elementor-element elementor-element-1f52bf2d\" data-id=\"1f52bf2d\" data-element_type=\"column\" data-e-type=\"column\">\n\t\t\t<div class=\"elementor-widget-wrap elementor-element-populated\">\n\t\t\t\t\t\t<div class=\"elementor-element elementor-element-1597a63 elementor-widget elementor-widget-heading\" data-id=\"1597a63\" data-element_type=\"widget\" data-e-type=\"widget\" data-widget_type=\"heading.default\">\n\t\t\t\t<div class=\"elementor-widget-container\">\n\t\t\t\t\t<h4 class=\"elementor-heading-title elementor-size-default\"><p dir=\"auto\">Tecnolog\u00edas Disruptivas y Escenarios Futuros<\/p><\/h4>\t\t\t\t<\/div>\n\t\t\t\t<\/div>\n\t\t\t\t<div class=\"elementor-element elementor-element-868597e elementor-widget elementor-widget-heading\" data-id=\"868597e\" data-element_type=\"widget\" data-e-type=\"widget\" data-widget_type=\"heading.default\">\n\t\t\t\t<div class=\"elementor-widget-container\">\n\t\t\t\t\t<h5 class=\"elementor-heading-title elementor-size-default\">El desafio para la region es enorme, \u00bftenemos alguna opci\u00f3n para enfrentarlo bien?. Creemos que si Latinoamerica se toma en serio tener gravitacion global, es posible ser un actor relevante.<\/h5>\t\t\t\t<\/div>\n\t\t\t\t<\/div>\n\t\t\t\t\t<\/div>\n\t\t<\/div>\n\t\t\t\t\t<\/div>\n\t\t<\/section>\n\t\t\t\t<section class=\"elementor-section elementor-top-section elementor-element elementor-element-5814f4e elementor-section-content-middle elementor-section-stretched elementor-section-boxed elementor-section-height-default elementor-section-height-default\" data-id=\"5814f4e\" data-element_type=\"section\" data-e-type=\"section\" data-settings=\"{&quot;stretch_section&quot;:&quot;section-stretched&quot;}\">\n\t\t\t\t\t\t<div class=\"elementor-container elementor-column-gap-extended\">\n\t\t\t\t\t<div class=\"elementor-column elementor-col-50 elementor-top-column elementor-element elementor-element-6617c14\" data-id=\"6617c14\" data-element_type=\"column\" data-e-type=\"column\" data-settings=\"{&quot;background_background&quot;:&quot;classic&quot;}\">\n\t\t\t<div class=\"elementor-widget-wrap elementor-element-populated\">\n\t\t\t\t\t<div class=\"elementor-background-overlay\"><\/div>\n\t\t\t\t\t\t<div class=\"elementor-element elementor-element-c44a6df elementor-widget elementor-widget-heading\" data-id=\"c44a6df\" data-element_type=\"widget\" data-e-type=\"widget\" data-widget_type=\"heading.default\">\n\t\t\t\t<div class=\"elementor-widget-container\">\n\t\t\t\t\t<h4 class=\"elementor-heading-title elementor-size-default\">Capital Humano y Futuro Tecnol\u00f3gico<\/h4>\t\t\t\t<\/div>\n\t\t\t\t<\/div>\n\t\t\t\t\t<\/div>\n\t\t<\/div>\n\t\t\t\t<div class=\"elementor-column elementor-col-50 elementor-top-column elementor-element elementor-element-36970b2\" data-id=\"36970b2\" data-element_type=\"column\" data-e-type=\"column\">\n\t\t\t<div class=\"elementor-widget-wrap elementor-element-populated\">\n\t\t\t\t\t\t<div class=\"elementor-element elementor-element-bf2aa09 elementor-drop-cap-yes elementor-drop-cap-view-default elementor-widget elementor-widget-text-editor\" data-id=\"bf2aa09\" data-element_type=\"widget\" data-e-type=\"widget\" data-settings=\"{&quot;drop_cap&quot;:&quot;yes&quot;}\" data-widget_type=\"text-editor.default\">\n\t\t\t\t<div class=\"elementor-widget-container\">\n\t\t\t\t\t\t\t\t\t<p><span style=\"color: #333333;\">El verdadero motor de Latinoam\u00e9rica es su gente, que se convierte en el mayor activo para enfrentar los desaf\u00edos de un mundo en transformaci\u00f3n.<\/span><\/p>\t\t\t\t\t\t\t\t<\/div>\n\t\t\t\t<\/div>\n\t\t\t\t<div class=\"elementor-element elementor-element-9cede22 elementor-widget elementor-widget-text-editor\" data-id=\"9cede22\" data-element_type=\"widget\" data-e-type=\"widget\" data-widget_type=\"text-editor.default\">\n\t\t\t\t<div class=\"elementor-widget-container\">\n\t\t\t\t\t\t\t\t\t<p data-start=\"2828\" data-end=\"3008\"><span style=\"color: #3871c1;\"><strong data-start=\"2828\" data-end=\"2859\">Demograf\u00eda joven y din\u00e1mica.<\/strong><\/span><\/p>\n<p data-start=\"2828\" data-end=\"3008\"><span style=\"color: #333333;\">A diferencia de otras regiones envejecidas, Latinoam\u00e9rica cuenta con una poblaci\u00f3n joven que representa fuerza laboral, creatividad e innovaci\u00f3n.<\/span><\/p>\n<p data-start=\"3011\" data-end=\"3201\"><span style=\"color: #3871c1;\"><strong data-start=\"3011\" data-end=\"3035\">Educaci\u00f3n en ascenso<\/strong><\/span><\/p>\n<p data-start=\"3011\" data-end=\"3201\"><span style=\"color: #333333;\">Cada vez m\u00e1s universidades, centros de investigaci\u00f3n y programas de formaci\u00f3n generan profesionales competitivos en ciencia, tecnolog\u00eda, ingenier\u00eda y matem\u00e1ticas.<\/span><\/p>\n<p data-start=\"3204\" data-end=\"3453\"><span style=\"color: #3871c1;\"><strong data-start=\"3204\" data-end=\"3230\">Transformaci\u00f3n digital<\/strong><\/span><\/p>\n<p data-start=\"3204\" data-end=\"3453\"><span style=\"color: #333333;\">Startups y emprendedores de la regi\u00f3n impulsan soluciones en inteligencia artificial, biotecnolog\u00eda, energ\u00edas renovables y ciberseguridad, proyectando a Latinoam\u00e9rica como un ecosistema tecnol\u00f3gico con identidad propia.<\/span><\/p>\n<p data-start=\"3456\" data-end=\"3668\"><span style=\"color: #3871c1;\"><strong data-start=\"3456\" data-end=\"3481\">Innovaci\u00f3n resiliente<\/strong><\/span><\/p>\n<p data-start=\"3456\" data-end=\"3668\"><span style=\"color: #333333;\">La experiencia hist\u00f3rica de superar crisis econ\u00f3micas, sociales y pol\u00edticas forj\u00f3 un talento humano adaptable y creativo, capaz de generar modelos \u00fanicos de desarrollo y colaboraci\u00f3n.<\/span><\/p>\n<p data-start=\"3671\" data-end=\"3887\"><span style=\"color: #3871c1;\"><strong data-start=\"3671\" data-end=\"3712\">Un futuro que se escribe en la regi\u00f3n<\/strong><\/span><\/p>\n<p data-start=\"3671\" data-end=\"3887\"><span style=\"color: #333333;\">Con capital humano preparado y conectado globalmente, Latinoam\u00e9rica no solo ser\u00e1 proveedora de recursos, sino tambi\u00e9n <span style=\"color: #3871c1;\"><strong data-start=\"3832\" data-end=\"3884\">productora de conocimiento, tecnolog\u00eda y cultura<\/strong>.<\/span><\/span><\/p>\t\t\t\t\t\t\t\t<\/div>\n\t\t\t\t<\/div>\n\t\t\t\t\t<\/div>\n\t\t<\/div>\n\t\t\t\t\t<\/div>\n\t\t<\/section>\n\t\t\t\t<section class=\"elementor-section elementor-top-section elementor-element elementor-element-5a6e7741 elementor-section-boxed elementor-section-height-default elementor-section-height-default\" data-id=\"5a6e7741\" data-element_type=\"section\" data-e-type=\"section\">\n\t\t\t\t\t\t<div class=\"elementor-container elementor-column-gap-default\">\n\t\t\t\t\t<div class=\"elementor-column elementor-col-100 elementor-top-column elementor-element elementor-element-3e524eb1\" data-id=\"3e524eb1\" data-element_type=\"column\" data-e-type=\"column\">\n\t\t\t<div class=\"elementor-widget-wrap elementor-element-populated\">\n\t\t\t\t\t\t<div class=\"elementor-element elementor-element-709ee7a elementor-widget elementor-widget-text-editor\" data-id=\"709ee7a\" data-element_type=\"widget\" data-e-type=\"widget\" data-widget_type=\"text-editor.default\">\n\t\t\t\t<div class=\"elementor-widget-container\">\n\t\t\t\t\t\t\t\t\t\n<h3 class=\"wp-block-heading\"><\/h3>\n\n\n\n<p><\/p>\n\t\t\t\t\t\t\t\t<\/div>\n\t\t\t\t<\/div>\n\t\t\t\t\t<\/div>\n\t\t<\/div>\n\t\t\t\t\t<\/div>\n\t\t<\/section>\n\t\t\t\t<\/div>","protected":false},"excerpt":{"rendered":"<p>Tecnolog\u00edas Disruptivas y Escenarios Futuros El desafio para la region es enorme, \u00bftenemos alguna opci\u00f3n para enfrentarlo bien?. Creemos que si Latinoamerica se toma en serio tener gravitacion global, es posible ser un actor relevante. Capital Humano y Futuro Tecnol\u00f3gico El verdadero motor de Latinoam\u00e9rica es su gente, que se convierte en el mayor activo [&hellip;]<\/p>\n","protected":false},"author":1,"featured_media":0,"parent":0,"menu_order":0,"comment_status":"closed","ping_status":"closed","template":"","meta":{"footnotes":""},"class_list":["post-10416","page","type-page","status-publish","hentry"],"yoast_head":"<!-- This site is optimized with the Yoast SEO plugin v27.3 - https:\/\/yoast.com\/product\/yoast-seo-wordpress\/ -->\n<title>Transformaci\u00f3n Tecnol\u00f3gica - JL Think Tank<\/title>\n<meta name=\"robots\" content=\"index, follow, max-snippet:-1, max-image-preview:large, max-video-preview:-1\" \/>\n<link rel=\"canonical\" href=\"https:\/\/www.jlthinktank.com\/en\/transformacion-tecnologica\/\" \/>\n<meta property=\"og:locale\" content=\"en_US\" \/>\n<meta property=\"og:type\" content=\"article\" \/>\n<meta property=\"og:title\" content=\"Transformaci\u00f3n Tecnol\u00f3gica - JL Think Tank\" \/>\n<meta property=\"og:description\" content=\"Tecnolog\u00edas Disruptivas y Escenarios Futuros El desafio para la region es enorme, \u00bftenemos alguna opci\u00f3n para enfrentarlo bien?. Creemos que si Latinoamerica se toma en serio tener gravitacion global, es posible ser un actor relevante. Capital Humano y Futuro Tecnol\u00f3gico El verdadero motor de Latinoam\u00e9rica es su gente, que se convierte en el mayor activo [&hellip;]\" \/>\n<meta property=\"og:url\" content=\"https:\/\/www.jlthinktank.com\/en\/transformacion-tecnologica\/\" \/>\n<meta property=\"og:site_name\" content=\"JL Think Tank\" \/>\n<meta property=\"article:modified_time\" content=\"2026-02-28T19:26:48+00:00\" \/>\n<meta name=\"twitter:card\" content=\"summary_large_image\" \/>\n<meta name=\"twitter:label1\" content=\"Est. reading time\" \/>\n\t<meta name=\"twitter:data1\" content=\"1 minute\" \/>\n<script type=\"application\/ld+json\" class=\"yoast-schema-graph\">{\"@context\":\"https:\\\/\\\/schema.org\",\"@graph\":[{\"@type\":\"WebPage\",\"@id\":\"https:\\\/\\\/www.jlthinktank.com\\\/transformacion-tecnologica\\\/\",\"url\":\"https:\\\/\\\/www.jlthinktank.com\\\/transformacion-tecnologica\\\/\",\"name\":\"Transformaci\u00f3n Tecnol\u00f3gica - JL Think Tank\",\"isPartOf\":{\"@id\":\"https:\\\/\\\/www.jlthinktank.com\\\/#website\"},\"datePublished\":\"2025-09-22T18:43:14+00:00\",\"dateModified\":\"2026-02-28T19:26:48+00:00\",\"breadcrumb\":{\"@id\":\"https:\\\/\\\/www.jlthinktank.com\\\/transformacion-tecnologica\\\/#breadcrumb\"},\"inLanguage\":\"en-US\",\"potentialAction\":[{\"@type\":\"ReadAction\",\"target\":[\"https:\\\/\\\/www.jlthinktank.com\\\/transformacion-tecnologica\\\/\"]}]},{\"@type\":\"BreadcrumbList\",\"@id\":\"https:\\\/\\\/www.jlthinktank.com\\\/transformacion-tecnologica\\\/#breadcrumb\",\"itemListElement\":[{\"@type\":\"ListItem\",\"position\":1,\"name\":\"Portada\",\"item\":\"https:\\\/\\\/www.jlthinktank.com\\\/\"},{\"@type\":\"ListItem\",\"position\":2,\"name\":\"Transformaci\u00f3n Tecnol\u00f3gica\"}]},{\"@type\":\"WebSite\",\"@id\":\"https:\\\/\\\/www.jlthinktank.com\\\/#website\",\"url\":\"https:\\\/\\\/www.jlthinktank.com\\\/\",\"name\":\"JL Think Tank\",\"description\":\"Centro de pensamiento\",\"potentialAction\":[{\"@type\":\"SearchAction\",\"target\":{\"@type\":\"EntryPoint\",\"urlTemplate\":\"https:\\\/\\\/www.jlthinktank.com\\\/?s={search_term_string}\"},\"query-input\":{\"@type\":\"PropertyValueSpecification\",\"valueRequired\":true,\"valueName\":\"search_term_string\"}}],\"inLanguage\":\"en-US\"}]}<\/script>\n<!-- \/ Yoast SEO plugin. -->","yoast_head_json":{"title":"Transformaci\u00f3n Tecnol\u00f3gica - JL Think Tank","robots":{"index":"index","follow":"follow","max-snippet":"max-snippet:-1","max-image-preview":"max-image-preview:large","max-video-preview":"max-video-preview:-1"},"canonical":"https:\/\/www.jlthinktank.com\/en\/transformacion-tecnologica\/","og_locale":"en_US","og_type":"article","og_title":"Transformaci\u00f3n Tecnol\u00f3gica - JL Think Tank","og_description":"Tecnolog\u00edas Disruptivas y Escenarios Futuros El desafio para la region es enorme, \u00bftenemos alguna opci\u00f3n para enfrentarlo bien?. Creemos que si Latinoamerica se toma en serio tener gravitacion global, es posible ser un actor relevante. Capital Humano y Futuro Tecnol\u00f3gico El verdadero motor de Latinoam\u00e9rica es su gente, que se convierte en el mayor activo [&hellip;]","og_url":"https:\/\/www.jlthinktank.com\/en\/transformacion-tecnologica\/","og_site_name":"JL Think Tank","article_modified_time":"2026-02-28T19:26:48+00:00","twitter_card":"summary_large_image","twitter_misc":{"Est. reading time":"1 minute"},"schema":{"@context":"https:\/\/schema.org","@graph":[{"@type":"WebPage","@id":"https:\/\/www.jlthinktank.com\/transformacion-tecnologica\/","url":"https:\/\/www.jlthinktank.com\/transformacion-tecnologica\/","name":"Transformaci\u00f3n Tecnol\u00f3gica - JL Think Tank","isPartOf":{"@id":"https:\/\/www.jlthinktank.com\/#website"},"datePublished":"2025-09-22T18:43:14+00:00","dateModified":"2026-02-28T19:26:48+00:00","breadcrumb":{"@id":"https:\/\/www.jlthinktank.com\/transformacion-tecnologica\/#breadcrumb"},"inLanguage":"en-US","potentialAction":[{"@type":"ReadAction","target":["https:\/\/www.jlthinktank.com\/transformacion-tecnologica\/"]}]},{"@type":"BreadcrumbList","@id":"https:\/\/www.jlthinktank.com\/transformacion-tecnologica\/#breadcrumb","itemListElement":[{"@type":"ListItem","position":1,"name":"Portada","item":"https:\/\/www.jlthinktank.com\/"},{"@type":"ListItem","position":2,"name":"Transformaci\u00f3n Tecnol\u00f3gica"}]},{"@type":"WebSite","@id":"https:\/\/www.jlthinktank.com\/#website","url":"https:\/\/www.jlthinktank.com\/","name":"JL Think Tank","description":"Centro de pensamiento","potentialAction":[{"@type":"SearchAction","target":{"@type":"EntryPoint","urlTemplate":"https:\/\/www.jlthinktank.com\/?s={search_term_string}"},"query-input":{"@type":"PropertyValueSpecification","valueRequired":true,"valueName":"search_term_string"}}],"inLanguage":"en-US"}]}},"_links":{"self":[{"href":"https:\/\/www.jlthinktank.com\/en\/wp-json\/wp\/v2\/pages\/10416","targetHints":{"allow":["GET"]}}],"collection":[{"href":"https:\/\/www.jlthinktank.com\/en\/wp-json\/wp\/v2\/pages"}],"about":[{"href":"https:\/\/www.jlthinktank.com\/en\/wp-json\/wp\/v2\/types\/page"}],"author":[{"embeddable":true,"href":"https:\/\/www.jlthinktank.com\/en\/wp-json\/wp\/v2\/users\/1"}],"replies":[{"embeddable":true,"href":"https:\/\/www.jlthinktank.com\/en\/wp-json\/wp\/v2\/comments?post=10416"}],"version-history":[{"count":14,"href":"https:\/\/www.jlthinktank.com\/en\/wp-json\/wp\/v2\/pages\/10416\/revisions"}],"predecessor-version":[{"id":10859,"href":"https:\/\/www.jlthinktank.com\/en\/wp-json\/wp\/v2\/pages\/10416\/revisions\/10859"}],"wp:attachment":[{"href":"https:\/\/www.jlthinktank.com\/en\/wp-json\/wp\/v2\/media?parent=10416"}],"curies":[{"name":"wp","href":"https:\/\/api.w.org\/{rel}","templated":true}]}}